{"id":1718,"date":"2023-08-15T10:21:52","date_gmt":"2023-08-15T02:21:52","guid":{"rendered":"http:\/\/203.196.10.64:3027\/?page_id=1718"},"modified":"2024-06-11T16:49:45","modified_gmt":"2024-06-11T08:49:45","slug":"501d-robotic-mig-welding-torch","status":"publish","type":"page","link":"https:\/\/cnaweld.com\/de\/produkte\/roboter\/roboter-1\/","title":{"rendered":"501D Roboter-MIG-Schwei\u00dfbrenner"},"content":{"rendered":"<div data-elementor-type=\"wp-page\" data-elementor-id=\"1718\" class=\"elementor elementor-1718\" data-elementor-post-type=\"page\">\n\t\t\t\t<div class=\"elementor-element elementor-element-d956343 e-con-full e-flex e-con e-parent\" data-id=\"d956343\" data-element_type=\"container\" data-settings=\"{&quot;content_width&quot;:&quot;full&quot;,&quot;background_background&quot;:&quot;classic&quot;,&quot;container_type&quot;:&quot;flex&quot;}\" data-e-bg-lazyload=\"\" data-core-v316-plus=\"true\">\n\t\t<div class=\"elementor-element elementor-element-ef9b91d e-con-full e-flex e-con e-child\" data-id=\"ef9b91d\" data-element_type=\"container\" data-settings=\"{&quot;content_width&quot;:&quot;full&quot;,&quot;container_type&quot;:&quot;flex&quot;}\">\n\t\t\t\t<div class=\"elementor-element elementor-element-28a834c elementor-widget-mobile__width-initial elementor-widget__width-initial elementor-widget elementor-widget-heading\" data-id=\"28a834c\" data-element_type=\"widget\" data-widget_type=\"heading.default\">\n\t\t\t\t<div class=\"elementor-widget-container\">\n\t\t\t<style>\/*! elementor - v3.19.0 - 28-02-2024 *\/\n.elementor-heading-title{padding:0;margin:0;line-height:1}.elementor-widget-heading .elementor-heading-title[class*=elementor-size-]>a{color:inherit;font-size:inherit;line-height:inherit}.elementor-widget-heading .elementor-heading-title.elementor-size-small{font-size:15px}.elementor-widget-heading .elementor-heading-title.elementor-size-medium{font-size:19px}.elementor-widget-heading .elementor-heading-title.elementor-size-large{font-size:29px}.elementor-widget-heading .elementor-heading-title.elementor-size-xl{font-size:39px}.elementor-widget-heading .elementor-heading-title.elementor-size-xxl{font-size:59px}<\/style><h2 class=\"elementor-heading-title elementor-size-default\">ROBOTER 501D<\/h2>\t\t<\/div>\n\t\t\t\t<\/div>\n\t\t\t\t<div class=\"elementor-element elementor-element-92353e0 elementor-widget__width-initial elementor-widget elementor-widget-text-editor\" data-id=\"92353e0\" data-element_type=\"widget\" data-widget_type=\"text-editor.default\">\n\t\t\t\t<div class=\"elementor-widget-container\">\n\t\t\t<style>\/*! elementor - v3.19.0 - 28-02-2024 *\/\n.elementor-widget-text-editor.elementor-drop-cap-view-stacked .elementor-drop-cap{background-color:#69727d;color:#fff}.elementor-widget-text-editor.elementor-drop-cap-view-framed .elementor-drop-cap{color:#69727d;border:3px solid;background-color:transparent}.elementor-widget-text-editor:not(.elementor-drop-cap-view-default) .elementor-drop-cap{margin-top:8px}.elementor-widget-text-editor:not(.elementor-drop-cap-view-default) .elementor-drop-cap-letter{width:1em;height:1em}.elementor-widget-text-editor .elementor-drop-cap{float:left;text-align:center;line-height:1;font-size:50px}.elementor-widget-text-editor .elementor-drop-cap-letter{display:inline-block}<\/style>\t\t\t\t<p>Der Roboterschwei\u00dfbrenner CNAWELD 501D ist ein fortschrittliches Werkzeug f\u00fcr Roboterschwei\u00dfanwendungen, das sich durch au\u00dfergew\u00f6hnliche Leistung und umfassende Funktionen auszeichnet.<\/p>\t\t\t\t\t\t<\/div>\n\t\t\t\t<\/div>\n\t\t\t\t<div class=\"elementor-element elementor-element-7caa978 elementor-widget elementor-widget-n-accordion\" data-id=\"7caa978\" data-element_type=\"widget\" data-settings=\"{&quot;_animation&quot;:&quot;none&quot;,&quot;default_state&quot;:&quot;expanded&quot;,&quot;max_items_expended&quot;:&quot;one&quot;,&quot;n_accordion_animation_duration&quot;:{&quot;unit&quot;:&quot;ms&quot;,&quot;size&quot;:400,&quot;sizes&quot;:[]}}\" data-widget_type=\"nested-accordion.default\">\n\t\t\t\t<div class=\"elementor-widget-container\">\n\t\t\t\t\t<div class=\"e-n-accordion\" aria-label=\"Akkordeon. \u00d6ffnen Sie Links mit der Eingabetaste oder der Leertaste, schlie\u00dfen Sie sie mit der Escape-Taste und navigieren Sie mit den Pfeiltasten\">\n\t\t\t\t\t\t<details id=\"e-n-accordion-item-1300\" class=\"e-n-accordion-item\" open>\n\t\t\t\t<summary class=\"e-n-accordion-item-title\" data-accordion-index=\"1\" tabindex=\"0\" aria-expanded=\"true\" aria-controls=\"e-n-accordion-item-1300\" >\n\t\t\t\t\t<span class='e-n-accordion-item-title-header'><div class=\"e-n-accordion-item-title-text\"> \u2460 Pr\u00e4zises Schwei\u00dfen <\/div><\/span>\n\t\t\t\t\t\t\t\t\t<\/summary>\n\t\t\t\t<div role=\"region\" aria-labelledby=\"e-n-accordion-item-1300\" class=\"elementor-element elementor-element-2978978 e-con-full e-flex e-con e-child\" data-id=\"2978978\" data-element_type=\"container\" data-settings=\"{&quot;content_width&quot;:&quot;full&quot;,&quot;container_type&quot;:&quot;flex&quot;}\">\n\t\t<div role=\"region\" aria-labelledby=\"e-n-accordion-item-1300\" class=\"elementor-element elementor-element-f9d1495 e-flex e-con-boxed e-con e-child\" data-id=\"f9d1495\" data-element_type=\"container\" data-settings=\"{&quot;container_type&quot;:&quot;flex&quot;,&quot;content_width&quot;:&quot;boxed&quot;}\">\n\t\t\t\t\t<div class=\"e-con-inner\">\n\t\t\t\t<div class=\"elementor-element elementor-element-c44bda2 elementor-widget elementor-widget-text-editor\" data-id=\"c44bda2\" data-element_type=\"widget\" data-settings=\"{&quot;_animation&quot;:&quot;none&quot;}\" data-widget_type=\"text-editor.default\">\n\t\t\t\t<div class=\"elementor-widget-container\">\n\t\t\t\t\t\t\t<p>Dieser Roboterschwei\u00dfbrenner 501D wurde entwickelt, um pr\u00e4zise und konsistente Schwei\u00dfergebnisse zu liefern. Der Roboterschwei\u00dfbrenner zeichnet sich durch die Aufrechterhaltung stabiler Lichtbogeneigenschaften aus und gew\u00e4hrleistet so hochwertige Schwei\u00dfn\u00e4hte in verschiedenen Roboterschwei\u00dfprozessen.<\/p>\t\t\t\t\t\t<\/div>\n\t\t\t\t<\/div>\n\t\t\t\t<div class=\"elementor-element elementor-element-7d2f9a8 elementor-widget-divider--view-line elementor-widget elementor-widget-divider\" data-id=\"7d2f9a8\" data-element_type=\"widget\" data-widget_type=\"divider.default\">\n\t\t\t\t<div class=\"elementor-widget-container\">\n\t\t\t<style>\/*! elementor - v3.19.0 - 28-02-2024 *\/\n.elementor-widget-divider{--divider-border-style:none;--divider-border-width:1px;--divider-color:#0c0d0e;--divider-icon-size:20px;--divider-element-spacing:10px;--divider-pattern-height:24px;--divider-pattern-size:20px;--divider-pattern-url:none;--divider-pattern-repeat:repeat-x}.elementor-widget-divider .elementor-divider{display:flex}.elementor-widget-divider .elementor-divider__text{font-size:15px;line-height:1;max-width:95%}.elementor-widget-divider .elementor-divider__element{margin:0 var(--divider-element-spacing);flex-shrink:0}.elementor-widget-divider .elementor-icon{font-size:var(--divider-icon-size)}.elementor-widget-divider .elementor-divider-separator{display:flex;margin:0;direction:ltr}.elementor-widget-divider--view-line_icon .elementor-divider-separator,.elementor-widget-divider--view-line_text .elementor-divider-separator{align-items:center}.elementor-widget-divider--view-line_icon .elementor-divider-separator:after,.elementor-widget-divider--view-line_icon .elementor-divider-separator:before,.elementor-widget-divider--view-line_text .elementor-divider-separator:after,.elementor-widget-divider--view-line_text .elementor-divider-separator:before{display:block;content:\"\";border-block-end:0;flex-grow:1;border-block-start:var(--divider-border-width) var(--divider-border-style) var(--divider-color)}.elementor-widget-divider--element-align-left .elementor-divider .elementor-divider-separator>.elementor-divider__svg:first-of-type{flex-grow:0;flex-shrink:100}.elementor-widget-divider--element-align-left .elementor-divider-separator:before{content:none}.elementor-widget-divider--element-align-left .elementor-divider__element{margin-left:0}.elementor-widget-divider--element-align-right .elementor-divider .elementor-divider-separator>.elementor-divider__svg:last-of-type{flex-grow:0;flex-shrink:100}.elementor-widget-divider--element-align-right .elementor-divider-separator:after{content:none}.elementor-widget-divider--element-align-right .elementor-divider__element{margin-right:0}.elementor-widget-divider--element-align-start .elementor-divider .elementor-divider-separator>.elementor-divider__svg:first-of-type{flex-grow:0;flex-shrink:100}.elementor-widget-divider--element-align-start .elementor-divider-separator:before{content:none}.elementor-widget-divider--element-align-start .elementor-divider__element{margin-inline-start:0}.elementor-widget-divider--element-align-end .elementor-divider .elementor-divider-separator>.elementor-divider__svg:last-of-type{flex-grow:0;flex-shrink:100}.elementor-widget-divider--element-align-end .elementor-divider-separator:after{content:none}.elementor-widget-divider--element-align-end .elementor-divider__element{margin-inline-end:0}.elementor-widget-divider:not(.elementor-widget-divider--view-line_text):not(.elementor-widget-divider--view-line_icon) .elementor-divider-separator{border-block-start:var(--divider-border-width) var(--divider-border-style) var(--divider-color)}.elementor-widget-divider--separator-type-pattern{--divider-border-style:none}.elementor-widget-divider--separator-type-pattern.elementor-widget-divider--view-line .elementor-divider-separator,.elementor-widget-divider--separator-type-pattern:not(.elementor-widget-divider--view-line) .elementor-divider-separator:after,.elementor-widget-divider--separator-type-pattern:not(.elementor-widget-divider--view-line) .elementor-divider-separator:before,.elementor-widget-divider--separator-type-pattern:not([class*=elementor-widget-divider--view]) .elementor-divider-separator{width:100%;min-height:var(--divider-pattern-height);-webkit-mask-size:var(--divider-pattern-size) 100%;mask-size:var(--divider-pattern-size) 100%;-webkit-mask-repeat:var(--divider-pattern-repeat);mask-repeat:var(--divider-pattern-repeat);background-color:var(--divider-color);-webkit-mask-image:var(--divider-pattern-url);mask-image:var(--divider-pattern-url)}.elementor-widget-divider--no-spacing{--divider-pattern-size:auto}.elementor-widget-divider--bg-round{--divider-pattern-repeat:round}.rtl .elementor-widget-divider .elementor-divider__text{direction:rtl}.e-con-inner>.elementor-widget-divider,.e-con>.elementor-widget-divider{width:var(--container-widget-width,100%);--flex-grow:var(--container-widget-flex-grow)}<\/style>\t\t<div class=\"elementor-divider\">\n\t\t\t<span class=\"elementor-divider-separator\">\n\t\t\t\t\t\t<\/span>\n\t\t<\/div>\n\t\t\t\t<\/div>\n\t\t\t\t<\/div>\n\t\t\t\t\t<\/div>\n\t\t\t\t<\/div>\n\t\t\t\t<\/div>\n\t\t\t\t\t<\/details>\n\t\t\t\t\t\t<details id=\"e-n-accordion-item-1301\" class=\"e-n-accordion-item\" >\n\t\t\t\t<summary class=\"e-n-accordion-item-title\" data-accordion-index=\"2\" tabindex=\"-1\" aria-expanded=\"false\" aria-controls=\"e-n-accordion-item-1301\" >\n\t\t\t\t\t<span class='e-n-accordion-item-title-header'><div class=\"e-n-accordion-item-title-text\"> \u2461 Effiziente K\u00fchlung <\/div><\/span>\n\t\t\t\t\t\t\t\t\t<\/summary>\n\t\t\t\t<div role=\"region\" aria-labelledby=\"e-n-accordion-item-1301\" class=\"elementor-element elementor-element-62ca95b e-con-full e-flex e-con e-child\" data-id=\"62ca95b\" data-element_type=\"container\" data-settings=\"{&quot;content_width&quot;:&quot;full&quot;,&quot;container_type&quot;:&quot;flex&quot;}\">\n\t\t\t\t<div class=\"elementor-element elementor-element-f509fbd elementor-widget elementor-widget-text-editor\" data-id=\"f509fbd\" data-element_type=\"widget\" data-widget_type=\"text-editor.default\">\n\t\t\t\t<div class=\"elementor-widget-container\">\n\t\t\t\t\t\t\t<p>Der 501D-Brenner verf\u00fcgt \u00fcber ein effizientes K\u00fchlsystem, das die W\u00e4rme effektiv ableitet und so zu einer l\u00e4ngeren Lebensdauer des Brenners und einem unterbrechungsfreien Schwei\u00dfbetrieb beitr\u00e4gt.<\/p><p>\u00a0Es l\u00e4sst sich nahtlos in Roboterschwei\u00dfsysteme integrieren, verbessert die Automatisierungsm\u00f6glichkeiten und optimiert die Schwei\u00dfeffizienz.<\/p>\t\t\t\t\t\t<\/div>\n\t\t\t\t<\/div>\n\t\t\t\t<div class=\"elementor-element elementor-element-628907e elementor-widget-divider--view-line elementor-widget elementor-widget-divider\" data-id=\"628907e\" data-element_type=\"widget\" data-widget_type=\"divider.default\">\n\t\t\t\t<div class=\"elementor-widget-container\">\n\t\t\t\t\t<div class=\"elementor-divider\">\n\t\t\t<span class=\"elementor-divider-separator\">\n\t\t\t\t\t\t<\/span>\n\t\t<\/div>\n\t\t\t\t<\/div>\n\t\t\t\t<\/div>\n\t\t\t\t<\/div>\n\t\t\t\t\t<\/details>\n\t\t\t\t\t<\/div>\n\t\t\t\t<\/div>\n\t\t\t\t<\/div>\n\t\t\t\t<\/div>\n\t\t<div class=\"elementor-element elementor-element-cbf731f e-con-full e-flex e-con e-child\" data-id=\"cbf731f\" data-element_type=\"container\" data-settings=\"{&quot;content_width&quot;:&quot;full&quot;,&quot;container_type&quot;:&quot;flex&quot;}\">\n\t\t\t\t<div class=\"elementor-element elementor-element-f79f5e0 elementor-widget elementor-widget-image\" data-id=\"f79f5e0\" data-element_type=\"widget\" data-widget_type=\"image.default\">\n\t\t\t\t<div class=\"elementor-widget-container\">\n\t\t\t<style>\/*! elementor - v3.19.0 - 28-02-2024 *\/\n.elementor-widget-image{text-align:center}.elementor-widget-image a{display:inline-block}.elementor-widget-image a img[src$=\".svg\"]{width:48px}.elementor-widget-image img{vertical-align:middle;display:inline-block}<\/style>\t\t\t\t\t\t\t\t\t\t<img decoding=\"async\" src=\"https:\/\/cnaweld.com\/wp-content\/uploads\/2023\/08\/4_\u526f\u672c.png\" title=\"\" alt=\"\" loading=\"lazy\">\t\t\t\t\t\t\t\t\t\t\t\t\t<\/div>\n\t\t\t\t<\/div>\n\t\t\t\t<div class=\"elementor-element elementor-element-331c484 elementor-widget elementor-widget-image\" data-id=\"331c484\" data-element_type=\"widget\" data-widget_type=\"image.default\">\n\t\t\t\t<div class=\"elementor-widget-container\">\n\t\t\t\t\t\t\t\t\t\t\t\t\t<img fetchpriority=\"high\" decoding=\"async\" width=\"800\" height=\"800\" src=\"https:\/\/cnaweld.com\/wp-content\/uploads\/2024\/06\/5\u900f\u660e.webp\" class=\"attachment-large size-large wp-image-8012\" alt=\"CNAWELD Roboterschwei\u00dfbrenner\" srcset=\"https:\/\/cnaweld.com\/wp-content\/uploads\/2024\/06\/5\u900f\u660e.webp 800w, https:\/\/cnaweld.com\/wp-content\/uploads\/2024\/06\/5\u900f\u660e-300x300.webp 300w, https:\/\/cnaweld.com\/wp-content\/uploads\/2024\/06\/5\u900f\u660e-150x150.webp 150w, https:\/\/cnaweld.com\/wp-content\/uploads\/2024\/06\/5\u900f\u660e-768x768.webp 768w, https:\/\/cnaweld.com\/wp-content\/uploads\/2024\/06\/5\u900f\u660e-12x12.webp 12w\" sizes=\"(max-width: 800px) 100vw, 800px\" \/>\t\t\t\t\t\t\t\t\t\t\t\t\t<\/div>\n\t\t\t\t<\/div>\n\t\t\t\t<\/div>\n\t\t\t\t<\/div>\n\t\t<div class=\"elementor-element elementor-element-68e5923 e-con-full e-flex e-con e-parent\" data-id=\"68e5923\" data-element_type=\"container\" data-settings=\"{&quot;content_width&quot;:&quot;full&quot;,&quot;background_background&quot;:&quot;classic&quot;,&quot;container_type&quot;:&quot;flex&quot;}\" data-core-v316-plus=\"true\">\n\t\t<div class=\"elementor-element elementor-element-04d7c89 e-con-full e-flex e-con e-child\" data-id=\"04d7c89\" data-element_type=\"container\" data-settings=\"{&quot;content_width&quot;:&quot;full&quot;,&quot;background_background&quot;:&quot;classic&quot;,&quot;container_type&quot;:&quot;flex&quot;}\">\n\t\t<div class=\"elementor-element elementor-element-8f82135 e-con-full e-flex e-con e-child\" data-id=\"8f82135\" data-element_type=\"container\" data-settings=\"{&quot;content_width&quot;:&quot;full&quot;,&quot;background_background&quot;:&quot;classic&quot;,&quot;container_type&quot;:&quot;flex&quot;}\">\n\t\t<div class=\"elementor-element elementor-element-da7c3aa e-con-full e-flex e-con e-child\" data-id=\"da7c3aa\" data-element_type=\"container\" data-settings=\"{&quot;content_width&quot;:&quot;full&quot;,&quot;background_background&quot;:&quot;classic&quot;,&quot;container_type&quot;:&quot;flex&quot;}\">\n\t\t<div class=\"elementor-element elementor-element-6a673e7 e-con-full e-flex e-con e-child\" data-id=\"6a673e7\" data-element_type=\"container\" data-settings=\"{&quot;content_width&quot;:&quot;full&quot;,&quot;container_type&quot;:&quot;flex&quot;}\">\n\t\t\t\t<div class=\"elementor-element elementor-element-a972d03 elementor-widget elementor-widget-image\" data-id=\"a972d03\" data-element_type=\"widget\" data-widget_type=\"image.default\">\n\t\t\t\t<div class=\"elementor-widget-container\">\n\t\t\t\t\t\t\t\t\t\t\t\t\t<img decoding=\"async\" width=\"668\" height=\"1024\" src=\"https:\/\/cnaweld.com\/wp-content\/uploads\/2024\/06\/501d\u76f4\u67c4\u914d\u4ef6-668x1024.webp\" class=\"attachment-large size-large wp-image-8014\" alt=\"cnaweld Robotic 501D Schwei\u00dfbrenner-Verschlei\u00dfteils\u00e4tze\" srcset=\"https:\/\/cnaweld.com\/wp-content\/uploads\/2024\/06\/501d\u76f4\u67c4\u914d\u4ef6-668x1024.webp 668w, https:\/\/cnaweld.com\/wp-content\/uploads\/2024\/06\/501d\u76f4\u67c4\u914d\u4ef6-196x300.webp 196w, https:\/\/cnaweld.com\/wp-content\/uploads\/2024\/06\/501d\u76f4\u67c4\u914d\u4ef6-768x1177.webp 768w, https:\/\/cnaweld.com\/wp-content\/uploads\/2024\/06\/501d\u76f4\u67c4\u914d\u4ef6-1002x1536.webp 1002w, https:\/\/cnaweld.com\/wp-content\/uploads\/2024\/06\/501d\u76f4\u67c4\u914d\u4ef6-1336x2048.webp 1336w, https:\/\/cnaweld.com\/wp-content\/uploads\/2024\/06\/501d\u76f4\u67c4\u914d\u4ef6-8x12.webp 8w, https:\/\/cnaweld.com\/wp-content\/uploads\/2024\/06\/501d\u76f4\u67c4\u914d\u4ef6.webp 1664w\" sizes=\"(max-width: 668px) 100vw, 668px\" \/>\t\t\t\t\t\t\t\t\t\t\t\t\t<\/div>\n\t\t\t\t<\/div>\n\t\t\t\t<\/div>\n\t\t<div class=\"elementor-element elementor-element-46385f0 e-con-full e-flex e-con e-child\" data-id=\"46385f0\" data-element_type=\"container\" data-settings=\"{&quot;content_width&quot;:&quot;full&quot;,&quot;container_type&quot;:&quot;flex&quot;}\">\n\t\t<div class=\"elementor-element elementor-element-a1d7ecd e-flex e-con-boxed e-con e-child\" data-id=\"a1d7ecd\" data-element_type=\"container\" data-settings=\"{&quot;container_type&quot;:&quot;flex&quot;,&quot;content_width&quot;:&quot;boxed&quot;}\">\n\t\t\t\t\t<div class=\"e-con-inner\">\n\t\t\t\t<div class=\"elementor-element elementor-element-d95d0c6 elementor-widget-mobile__width-initial elementor-widget elementor-widget-heading\" data-id=\"d95d0c6\" data-element_type=\"widget\" data-widget_type=\"heading.default\">\n\t\t\t\t<div class=\"elementor-widget-container\">\n\t\t\t<h2 class=\"elementor-heading-title elementor-size-default\">Verschlei\u00dfteils\u00e4tze<\/h2>\t\t<\/div>\n\t\t\t\t<\/div>\n\t\t\t\t<div class=\"elementor-element elementor-element-7ee461c elementor-widget elementor-widget-text-editor\" data-id=\"7ee461c\" data-element_type=\"widget\" data-widget_type=\"text-editor.default\">\n\t\t\t\t<div class=\"elementor-widget-container\">\n\t\t\t\t\t\t\t<p>Alles, was Sie brauchen k\u00f6nnten<\/p>\t\t\t\t\t\t<\/div>\n\t\t\t\t<\/div>\n\t\t\t\t<div class=\"elementor-element elementor-element-ec16609 elementor-widget-divider--view-line elementor-widget elementor-widget-divider\" data-id=\"ec16609\" data-element_type=\"widget\" data-widget_type=\"divider.default\">\n\t\t\t\t<div class=\"elementor-widget-container\">\n\t\t\t\t\t<div class=\"elementor-divider\">\n\t\t\t<span class=\"elementor-divider-separator\">\n\t\t\t\t\t\t<\/span>\n\t\t<\/div>\n\t\t\t\t<\/div>\n\t\t\t\t<\/div>\n\t\t\t\t\t<\/div>\n\t\t\t\t<\/div>\n\t\t\t\t<div class=\"elementor-element elementor-element-b27ee24 elementor-widget elementor-widget-text-editor\" data-id=\"b27ee24\" data-element_type=\"widget\" data-widget_type=\"text-editor.default\">\n\t\t\t\t<div class=\"elementor-widget-container\">\n\t\t\t\t\t\t\t<div class=\"uk-panel uk-text-lead uk-margin uk-width-2xlarge uk-text-left@s uk-text-justify uk-scrollspy-inview\"><p><strong>Verbesserte Performance:<\/strong><\/p><p>Zubeh\u00f6r f\u00fcr Schwei\u00dfger\u00e4te wurde entwickelt, um die Leistung von Schwei\u00dfwerkzeugen zu verbessern und auf verschiedene Schwei\u00dfanforderungen und Materialien einzugehen.<\/p><ul><li><p><strong>Verbrauchsmaterial:<\/strong> Dazu geh\u00f6ren Schwei\u00dfbrennerk\u00f6pfe, Elektroden, D\u00fcsen, Schneidspitzen, Elektrodenhalter und mehr. Verbrauchsmaterialien m\u00fcssen regelm\u00e4\u00dfig ausgetauscht werden, um die optimale Leistung des Ger\u00e4ts aufrechtzuerhalten.<\/p><\/li><li><p><strong>Anh\u00e4nge:<\/strong> Zubeh\u00f6r wie Verl\u00e4ngerungskabel, Gasdurchflussmesser, Temperaturmesser und andere erweitern die Funktionalit\u00e4t der Ausr\u00fcstung und machen sie f\u00fcr vielf\u00e4ltige Schwei\u00dfaufgaben anpassbar.<\/p><\/li><\/ul><\/div>\t\t\t\t\t\t<\/div>\n\t\t\t\t<\/div>\n\t\t\t\t<\/div>\n\t\t\t\t<\/div>\n\t\t\t\t<\/div>\n\t\t\t\t<\/div>\n\t\t\t\t<\/div>\n\t\t<div class=\"elementor-element elementor-element-9c5a370 e-con-full e-flex e-con e-parent\" data-id=\"9c5a370\" data-element_type=\"container\" data-settings=\"{&quot;content_width&quot;:&quot;full&quot;,&quot;background_background&quot;:&quot;classic&quot;,&quot;container_type&quot;:&quot;flex&quot;}\" data-e-bg-lazyload=\"\" data-core-v316-plus=\"true\">\n\t\t<div class=\"elementor-element elementor-element-716235a e-con-full e-flex e-con e-child\" data-id=\"716235a\" data-element_type=\"container\" data-settings=\"{&quot;content_width&quot;:&quot;full&quot;,&quot;container_type&quot;:&quot;flex&quot;}\">\n\t\t<div class=\"elementor-element elementor-element-3ff9769 e-flex e-con-boxed e-con e-child\" data-id=\"3ff9769\" data-element_type=\"container\" data-settings=\"{&quot;container_type&quot;:&quot;flex&quot;,&quot;content_width&quot;:&quot;boxed&quot;}\">\n\t\t\t\t\t<div class=\"e-con-inner\">\n\t\t\t\t<div class=\"elementor-element elementor-element-cbb4f9f elementor-widget-mobile__width-initial elementor-widget elementor-widget-heading\" data-id=\"cbb4f9f\" data-element_type=\"widget\" data-widget_type=\"heading.default\">\n\t\t\t\t<div class=\"elementor-widget-container\">\n\t\t\t<h2 class=\"elementor-heading-title elementor-size-default\">Roboter-Schwei\u00dfbrenneranschluss 501D<\/h2>\t\t<\/div>\n\t\t\t\t<\/div>\n\t\t\t\t<div class=\"elementor-element elementor-element-8662155 elementor-widget__width-initial elementor-widget elementor-widget-text-editor\" data-id=\"8662155\" data-element_type=\"widget\" data-widget_type=\"text-editor.default\">\n\t\t\t\t<div class=\"elementor-widget-container\">\n\t\t\t\t\t\t\t<p>Der f\u00fcr den Robotic 501D-Schwei\u00dfbrenner entwickelte Stecker ist eine wesentliche Komponente, die effiziente und sichere Verbindungen in Roboterschwei\u00dfsystemen gew\u00e4hrleistet. Sein Design erm\u00f6glicht eine schnelle und zuverl\u00e4ssige Befestigung, minimiert Ausfallzeiten und optimiert die Produktivit\u00e4t bei automatisierten Schwei\u00dfvorg\u00e4ngen. Aufgrund seiner Kompatibilit\u00e4t mit verschiedenen Roboterschwei\u00dfkonfigurationen ist dieser Steckverbinder ein wichtiger Bestandteil des Schwei\u00dfsystems und garantiert nahtlose und pr\u00e4zise Schwei\u00dfn\u00e4hte in industriellen Anwendungen.<\/p>\t\t\t\t\t\t<\/div>\n\t\t\t\t<\/div>\n\t\t\t\t\t<\/div>\n\t\t\t\t<\/div>\n\t\t\t\t<\/div>\n\t\t<div class=\"elementor-element elementor-element-105f84c e-con-full e-flex e-con e-child\" data-id=\"105f84c\" data-element_type=\"container\" data-settings=\"{&quot;content_width&quot;:&quot;full&quot;,&quot;container_type&quot;:&quot;flex&quot;}\">\n\t\t\t\t<div class=\"elementor-element elementor-element-27a555c elementor-widget elementor-widget-image\" data-id=\"27a555c\" data-element_type=\"widget\" data-widget_type=\"image.default\">\n\t\t\t\t<div class=\"elementor-widget-container\">\n\t\t\t\t\t\t\t\t\t\t\t\t\t<img decoding=\"async\" width=\"668\" height=\"1024\" src=\"https:\/\/cnaweld.com\/wp-content\/uploads\/2024\/06\/\u6c14-\u540e\u5c3e-1-668x1024.webp\" class=\"attachment-large size-large wp-image-8015\" alt=\"cnaweld Robotic 501D Schwei\u00dfbrenneranschluss\" srcset=\"https:\/\/cnaweld.com\/wp-content\/uploads\/2024\/06\/\u6c14-\u540e\u5c3e-1-668x1024.webp 668w, https:\/\/cnaweld.com\/wp-content\/uploads\/2024\/06\/\u6c14-\u540e\u5c3e-1-196x300.webp 196w, https:\/\/cnaweld.com\/wp-content\/uploads\/2024\/06\/\u6c14-\u540e\u5c3e-1-768x1177.webp 768w, https:\/\/cnaweld.com\/wp-content\/uploads\/2024\/06\/\u6c14-\u540e\u5c3e-1-1002x1536.webp 1002w, https:\/\/cnaweld.com\/wp-content\/uploads\/2024\/06\/\u6c14-\u540e\u5c3e-1-1336x2048.webp 1336w, https:\/\/cnaweld.com\/wp-content\/uploads\/2024\/06\/\u6c14-\u540e\u5c3e-1-8x12.webp 8w, https:\/\/cnaweld.com\/wp-content\/uploads\/2024\/06\/\u6c14-\u540e\u5c3e-1.webp 1664w\" sizes=\"(max-width: 668px) 100vw, 668px\" \/>\t\t\t\t\t\t\t\t\t\t\t\t\t<\/div>\n\t\t\t\t<\/div>\n\t\t\t\t<\/div>\n\t\t\t\t<\/div>\n\t\t\t\t<\/div>","protected":false},"excerpt":{"rendered":"<p>ROBOTIC 501D CNAWELD 501D Robotic Welding Torch is an advanced tool designed for robotic welding &hellip;<\/p>\n<p class=\"read-more\"> <a class=\"\" href=\"https:\/\/cnaweld.com\/de\/produkte\/roboter\/roboter-1\/\"> <span class=\"screen-reader-text\">501D Roboter-MIG-Schwei\u00dfbrenner<\/span> Mehr lesen &quot;<\/a><\/p>","protected":false},"author":2,"featured_media":0,"parent":3198,"menu_order":0,"comment_status":"closed","ping_status":"closed","template":"","meta":{"_uag_custom_page_level_css":"","site-sidebar-layout":"no-sidebar","site-content-layout":"page-builder","ast-global-header-display":"","ast-banner-title-visibility":"","ast-main-header-display":"","ast-hfb-above-header-display":"","ast-hfb-below-header-display":"","ast-hfb-mobile-header-display":"","site-post-title":"disabled","ast-breadcrumbs-content":"","ast-featured-img":"disabled","footer-sml-layout":"","theme-transparent-header-meta":"","adv-header-id-meta":"","stick-header-meta":"","header-above-stick-meta":"","header-main-stick-meta":"","header-below-stick-meta":"","footnotes":""},"class_list":["post-1718","page","type-page","status-publish","hentry"],"uagb_featured_image_src":{"full":false,"thumbnail":false,"medium":false,"medium_large":false,"large":false,"1536x1536":false,"2048x2048":false,"trp-custom-language-flag":false},"uagb_author_info":{"display_name":"china","author_link":"https:\/\/cnaweld.com\/de\/author\/china\/"},"uagb_comment_info":0,"uagb_excerpt":"ROBOTIC 501D CNAWELD 501D Robotic Welding Torch is an advanced tool designed for robotic welding &hellip; 501D Robotic MIG Welding Torch Read More \u00bb","_links":{"self":[{"href":"https:\/\/cnaweld.com\/de\/wp-json\/wp\/v2\/pages\/1718","targetHints":{"allow":["GET"]}}],"collection":[{"href":"https:\/\/cnaweld.com\/de\/wp-json\/wp\/v2\/pages"}],"about":[{"href":"https:\/\/cnaweld.com\/de\/wp-json\/wp\/v2\/types\/page"}],"author":[{"embeddable":true,"href":"https:\/\/cnaweld.com\/de\/wp-json\/wp\/v2\/users\/2"}],"replies":[{"embeddable":true,"href":"https:\/\/cnaweld.com\/de\/wp-json\/wp\/v2\/comments?post=1718"}],"version-history":[{"count":94,"href":"https:\/\/cnaweld.com\/de\/wp-json\/wp\/v2\/pages\/1718\/revisions"}],"predecessor-version":[{"id":8018,"href":"https:\/\/cnaweld.com\/de\/wp-json\/wp\/v2\/pages\/1718\/revisions\/8018"}],"up":[{"embeddable":true,"href":"https:\/\/cnaweld.com\/de\/wp-json\/wp\/v2\/pages\/3198"}],"wp:attachment":[{"href":"https:\/\/cnaweld.com\/de\/wp-json\/wp\/v2\/media?parent=1718"}],"curies":[{"name":"wp","href":"https:\/\/api.w.org\/{rel}","templated":true}]}}