{"id":2453,"date":"2023-08-17T09:52:55","date_gmt":"2023-08-17T01:52:55","guid":{"rendered":"http:\/\/203.196.10.64:3027\/?page_id=2453"},"modified":"2024-10-30T13:50:49","modified_gmt":"2024-10-30T05:50:49","slug":"cookie-policy","status":"publish","type":"page","link":"https:\/\/cnaweld.com\/de\/cookie-richtlinie\/","title":{"rendered":"Cookie-Richtlinie"},"content":{"rendered":"<div data-elementor-type=\"wp-page\" data-elementor-id=\"2453\" class=\"elementor elementor-2453\" data-elementor-post-type=\"page\">\n\t\t\t\t<div class=\"elementor-element elementor-element-9415338 e-con-full e-flex e-con e-parent\" data-id=\"9415338\" data-element_type=\"container\" data-settings=\"{&quot;content_width&quot;:&quot;full&quot;,&quot;background_background&quot;:&quot;classic&quot;,&quot;container_type&quot;:&quot;flex&quot;}\" data-core-v316-plus=\"true\">\n\t\t<div class=\"elementor-element elementor-element-0cf0c20 e-flex e-con-boxed e-con e-parent\" data-id=\"0cf0c20\" data-element_type=\"container\" data-settings=\"{&quot;container_type&quot;:&quot;flex&quot;,&quot;content_width&quot;:&quot;boxed&quot;}\" data-core-v316-plus=\"true\">\n\t\t\t\t\t<div class=\"e-con-inner\">\n\t\t\t\t<div class=\"elementor-element elementor-element-bac208d elementor-widget elementor-widget-text-editor\" data-id=\"bac208d\" data-element_type=\"widget\" data-widget_type=\"text-editor.default\">\n\t\t\t\t<div class=\"elementor-widget-container\">\n\t\t\t<style>\/*! elementor - v3.19.0 - 28-02-2024 *\/\n.elementor-widget-text-editor.elementor-drop-cap-view-stacked .elementor-drop-cap{background-color:#69727d;color:#fff}.elementor-widget-text-editor.elementor-drop-cap-view-framed .elementor-drop-cap{color:#69727d;border:3px solid;background-color:transparent}.elementor-widget-text-editor:not(.elementor-drop-cap-view-default) .elementor-drop-cap{margin-top:8px}.elementor-widget-text-editor:not(.elementor-drop-cap-view-default) .elementor-drop-cap-letter{width:1em;height:1em}.elementor-widget-text-editor .elementor-drop-cap{float:left;text-align:center;line-height:1;font-size:50px}.elementor-widget-text-editor .elementor-drop-cap-letter{display:inline-block}<\/style>\t\t\t\t<div data-id=\"64d371f\" data-element_type=\"widget\" data-widget_type=\"heading.default\">\n<div>\n<h2>Terms &amp; amp; Bedingungen<\/h2>\n<\/div>\n<\/div>\n<div data-id=\"cb32af6\" data-element_type=\"widget\" data-widget_type=\"text-editor.default\">\n<div>\n<p>Willkommen bei cnaweld!<\/p>\n<p>Diese Allgemeinen Gesch\u00e4ftsbedingungen beschreiben die Regeln und Vorschriften f\u00fcr die Nutzung der Website von Stitchsilk unter \/\/https:\/\/cnaweld.com\/.<\/p>\n<p>Durch den Zugriff auf diese Website gehen wir davon aus, dass Sie diese Allgemeinen Gesch\u00e4ftsbedingungen akzeptieren. Verwenden Sie Stitchsilk nicht weiter, wenn Sie nicht mit allen auf dieser Seite aufgef\u00fchrten Gesch\u00e4ftsbedingungen einverstanden sind.<\/p>\n<\/div>\n<\/div>\n<div data-id=\"b9a93d8\" data-element_type=\"widget\" data-widget_type=\"heading.default\">\n<div>\n<h2>Kekse:<\/h2>\n<\/div>\n<\/div>\n<div data-id=\"10f0605\" data-element_type=\"widget\" data-widget_type=\"text-editor.default\">\n<div>\n<p>Die Website verwendet Cookies, um Ihr Online-Erlebnis zu personalisieren. Durch den Zugriff auf cnaweld haben Sie der Verwendung der erforderlichen Cookies zugestimmt.<\/p>\n<p>Ein Cookie ist eine Textdatei, die von einem Webseitenserver auf Ihrer Festplatte abgelegt wird. Cookies k\u00f6nnen nicht dazu verwendet werden, Programme auszuf\u00fchren oder Viren auf Ihren Computer zu \u00fcbertragen. Cookies sind eindeutig Ihnen zugeordnet und k\u00f6nnen nur von einem Webserver in der Dom\u00e4ne gelesen werden, die das Cookie f\u00fcr Sie ausgegeben hat.<\/p>\n<p>Wir k\u00f6nnen Cookies verwenden, um Informationen zu statistischen oder Marketingzwecken f\u00fcr den Betrieb unserer Website zu sammeln, zu speichern und zu verfolgen. Sie haben die M\u00f6glichkeit, optionale Cookies zu akzeptieren oder abzulehnen. Es gibt einige erforderliche Cookies, die f\u00fcr den Betrieb unserer Website notwendig sind. Diese Cookies erfordern keine Zustimmung, da sie immer funktionieren. Bitte beachten Sie, dass Sie mit der Annahme erforderlicher Cookies auch Cookies von Drittanbietern akzeptieren, die m\u00f6glicherweise \u00fcber von Drittanbietern bereitgestellte Dienste verwendet werden, wenn Sie solche Dienste auf unserer Website nutzen, beispielsweise ein von Dritten bereitgestelltes und integriertes Videoanzeigefenster in unsere Website ein.<\/p>\n<\/div>\n<\/div>\n<div data-id=\"6e6a979\" data-element_type=\"widget\" data-widget_type=\"heading.default\">\n<div>\n<h2>Lizenz:<\/h2>\n<\/div>\n<\/div>\n<div data-id=\"fc0daa4\" data-element_type=\"widget\" data-widget_type=\"text-editor.default\">\n<div>\n<p>Sofern nicht anders angegeben, besitzen cnaweld LLC und\/oder seine Lizenzgeber die geistigen Eigentumsrechte f\u00fcr alle Materialien auf cnaweld. Alle geistigen Eigentumsrechte bleiben vorbehalten. Sie k\u00f6nnen \u00fcber cnaweld f\u00fcr Ihren pers\u00f6nlichen Gebrauch darauf zugreifen, vorbehaltlich der in diesen Allgemeinen Gesch\u00e4ftsbedingungen festgelegten Einschr\u00e4nkungen.<\/p>\n<p>Du darfst nicht:<\/p>\n<ul>\n<li>Kopieren oder ver\u00f6ffentlichen Sie Material von cnaweld<\/li>\n<li>Verkaufen, vermieten oder unterlizenzieren Sie Material von cnaweld<\/li>\n<li>Reproduzieren, duplizieren oder kopieren Sie Material von cnaweld<\/li>\n<li>Inhalte von cnaweld weiterverbreiten<\/li>\n<\/ul>\n<p>Diese Vereinbarung beginnt mit dem Datum dieser Vereinbarung.<\/p>\n<p>Teile dieser Website bieten Benutzern die M\u00f6glichkeit, in bestimmten Bereichen der Website Meinungen und Informationen zu ver\u00f6ffentlichen und auszutauschen. cnaweld LLC filtert, bearbeitet, ver\u00f6ffentlicht oder \u00fcberpr\u00fcft Kommentare nicht, bevor sie auf der Website erscheinen. Kommentare spiegeln nicht die Ansichten und Meinungen von cnaweld LLC, seinen Vertretern und\/oder verbundenen Unternehmen wider. Kommentare spiegeln die Ansichten und Meinungen der Person wider, die ihre Ansichten und Meinungen ver\u00f6ffentlicht. Soweit gesetzlich zul\u00e4ssig, haftet cnaweld LLC nicht f\u00fcr die Kommentare oder f\u00fcr jegliche Haftung, Sch\u00e4den oder Ausgaben, die durch die Nutzung und\/oder Ver\u00f6ffentlichung und\/oder das Erscheinen der Kommentare entstehen und\/oder erlitten werden Diese Internetseite.<\/p>\n<p>cnaweld LLC beh\u00e4lt sich das Recht vor, alle Kommentare zu \u00fcberwachen und alle Kommentare zu entfernen, die als unangemessen oder beleidigend angesehen werden k\u00f6nnen oder einen Versto\u00df gegen diese Allgemeinen Gesch\u00e4ftsbedingungen darstellen.<\/p>\n<p>Sie gew\u00e4hrleisten und sichern zu, dass:<\/p>\n<ul>\n<li>Sie sind berechtigt, die Kommentare auf unserer Website zu ver\u00f6ffentlichen und verf\u00fcgen \u00fcber alle daf\u00fcr erforderlichen Lizenzen und Einwilligungen;<\/li>\n<li>Die Kommentare verletzen keine geistigen Eigentumsrechte, einschlie\u00dflich, aber nicht beschr\u00e4nkt auf Urheberrechte, Patente oder Marken Dritter;<\/li>\n<li>Die Kommentare enthalten kein diffamierendes, verleumderisches, beleidigendes, unanst\u00e4ndiges oder anderweitig rechtswidriges Material, das einen Eingriff in die Privatsph\u00e4re darstellt.<\/li>\n<li>Die Kommentare werden nicht dazu verwendet, Gesch\u00e4fte oder Br\u00e4uche anzupreisen oder zu f\u00f6rdern oder kommerzielle Aktivit\u00e4ten oder rechtswidrige Aktivit\u00e4ten darzustellen.<\/li>\n<\/ul>\n<p>Hiermit gew\u00e4hren Sie cnaweld LLC eine nicht-exklusive Lizenz zur Nutzung, Vervielf\u00e4ltigung, Bearbeitung und erm\u00e4chtigen andere zur Nutzung, Vervielf\u00e4ltigung und Bearbeitung Ihrer Kommentare in allen Formen, Formaten und Medien.<\/p>\n<\/div>\n<\/div>\n<div data-id=\"a3c0901\" data-element_type=\"widget\" data-widget_type=\"heading.default\">\n<div>\n<h2>Hyperlink zu unseren Inhalten:<\/h2>\n<\/div>\n<\/div>\n<div data-id=\"a453c8e\" data-element_type=\"widget\" data-widget_type=\"text-editor.default\">\n<div>\n<p>Die folgenden Organisationen d\u00fcrfen ohne vorherige schriftliche Genehmigung auf unsere Website verlinken:<\/p>\n<ul>\n<li>Regierungsbeh\u00f6rden;<\/li>\n<li>Suchmaschinen;<\/li>\n<li>Nachrichtenorganisationen;<\/li>\n<li>Online-Verzeichnisverteiler k\u00f6nnen auf die gleiche Weise auf unsere Website verlinken wie auf die Websites anderer aufgef\u00fchrter Unternehmen. Und<\/li>\n<li>Systemweit akkreditierte Unternehmen, mit Ausnahme von gemeinn\u00fctzigen Organisationen, Wohlt\u00e4tigkeitseinkaufszentren und Wohlt\u00e4tigkeits-Fundraising-Gruppen, die keinen Hyperlink auf unsere Website verweisen d\u00fcrfen.<\/li>\n<\/ul>\n<p>Diese Organisationen k\u00f6nnen auf unsere Homepage, auf Ver\u00f6ffentlichungen oder auf andere Website-Informationen verlinken, sofern der Link: (a) in keiner Weise irref\u00fchrend ist; (b) nicht f\u00e4lschlicherweise ein Sponsoring, eine Bef\u00fcrwortung oder eine Billigung der verlinkenden Partei und ihrer Produkte und\/oder Dienstleistungen impliziert; und (c) in den Kontext der Website der verlinkenden Partei passt.<\/p>\n<p>Wir k\u00f6nnen andere Linkanfragen der folgenden Arten von Organisationen ber\u00fccksichtigen und genehmigen:<\/p>\n<ul>\n<li>allgemein bekannte Informationsquellen f\u00fcr Verbraucher und\/oder Unternehmen;<\/li>\n<li>dot.com-Community-Sites;<\/li>\n<li>Vereine oder andere Gruppen, die Wohlt\u00e4tigkeitsorganisationen vertreten;<\/li>\n<li>Online-Verteiler von Verzeichnissen;<\/li>\n<li>Internetportale;<\/li>\n<li>Buchhaltungs-, Rechts- und Beratungsfirmen; Und<\/li>\n<li>Bildungseinrichtungen und Berufsverb\u00e4nde.<\/li>\n<\/ul>\n<p>Wir genehmigen Linkanfragen dieser Organisationen, wenn wir zu dem Schluss kommen, dass: (a) der Link nicht dazu f\u00fchren w\u00fcrde, dass wir uns selbst oder unseren akkreditierten Unternehmen gegen\u00fcber negativ wirken; (b) die Organisation hat keine negativen Aufzeichnungen bei uns; (c) der Nutzen, den uns die Sichtbarkeit des Hyperlinks bringt, kompensiert die Abwesenheit von cnaweld LLC; und (d) der Link steht im Kontext allgemeiner Ressourceninformationen.<\/p>\n<p>Diese Organisationen d\u00fcrfen auf unsere Homepage verlinken, sofern der Link: (a) in keiner Weise irref\u00fchrend ist; (b) nicht f\u00e4lschlicherweise ein Sponsoring, eine Bef\u00fcrwortung oder eine Billigung der verlinkenden Partei und ihrer Produkte oder Dienstleistungen impliziert; und (c) in den Kontext der Website der verlinkenden Partei passt.<\/p>\n<p>Wenn Sie eine der in Absatz 2 oben aufgef\u00fchrten Organisationen sind und an einer Verlinkung auf unsere Website interessiert sind, m\u00fcssen Sie uns dar\u00fcber informieren, indem Sie eine E-Mail an Stitchsilk LLC senden. Bitte geben Sie Ihren Namen, den Namen Ihrer Organisation, Kontaktinformationen sowie die URL Ihrer Website an, eine Liste aller URLs, von denen aus Sie auf unsere Website verlinken m\u00f6chten, und eine Liste der URLs auf unserer Website, zu denen Sie m\u00f6chten Verkn\u00fcpfung. Warten Sie 2-3 Wochen auf eine Antwort.<\/p>\n<p>Zugelassene Organisationen k\u00f6nnen wie folgt auf unsere Website verlinken:<\/p>\n<ul>\n<li>Durch die Verwendung unseres Firmennamens; oder<\/li>\n<li>Durch Verwendung des einheitlichen Ressourcen-Locators, mit dem verlinkt wird; oder<\/li>\n<li>Die Verwendung einer anderen Beschreibung unserer Website, auf die verlinkt wird, ist im Kontext und Format des Inhalts auf der Website der verlinkenden Partei sinnvoll.<\/li>\n<\/ul>\n<p>Ohne eine Markenlizenzvereinbarung ist die Verwendung des Stitchsilk LLC LLC-Logos oder anderer Grafiken f\u00fcr die Verlinkung nicht gestattet.<\/p>\n<\/div>\n<\/div>\n<div data-id=\"91bcfc6\" data-element_type=\"widget\" data-widget_type=\"heading.default\">\n<div>\n<h2>Haftung f\u00fcr Inhalte:<\/h2>\n<\/div>\n<\/div>\n<div data-id=\"3f839ed\" data-element_type=\"widget\" data-widget_type=\"text-editor.default\">\n<div>\n<p>Wir \u00fcbernehmen keine Verantwortung f\u00fcr Inhalte, die auf Ihrer Website erscheinen. Sie erkl\u00e4ren sich damit einverstanden, uns gegen alle Anspr\u00fcche zu sch\u00fctzen und zu verteidigen, die auf Ihrer Website erhoben werden. Auf einer Website d\u00fcrfen keine Links erscheinen, die als verleumderisch, obsz\u00f6n oder kriminell ausgelegt werden k\u00f6nnten oder die Rechte Dritter verletzen, anderweitig verletzen oder deren Verletzung oder sonstige Verletzung bef\u00fcrworten.<\/p>\n<\/div>\n<\/div>\n<div data-id=\"9b3fb6d\" data-element_type=\"widget\" data-widget_type=\"heading.default\">\n<div>\n<h2>Rechtsvorbehalt:<\/h2>\n<\/div>\n<\/div>\n<div data-id=\"e2ef50a\" data-element_type=\"widget\" data-widget_type=\"text-editor.default\">\n<div>\n<p>Wir behalten uns das Recht vor, Sie aufzufordern, alle Links oder einen bestimmten Link zu unserer Website zu entfernen. Sie stimmen zu, alle Links zu unserer Website auf Anfrage unverz\u00fcglich zu entfernen. Wir behalten uns au\u00dferdem das Recht vor, diese Allgemeinen Gesch\u00e4ftsbedingungen und ihre Verlinkungsrichtlinien jederzeit zu \u00e4ndern. Indem Sie kontinuierlich auf unsere Website verlinken, erkl\u00e4ren Sie sich damit einverstanden, an diese Verlinkungsbedingungen gebunden zu sein und diese zu befolgen.<\/p>\n<\/div>\n<\/div>\n<div data-id=\"483bcc0\" data-element_type=\"widget\" data-widget_type=\"heading.default\">\n<div>\n<h2>Entfernung von Links von unserer Website:<\/h2>\n<\/div>\n<\/div>\n<div data-id=\"f22c7f0\" data-element_type=\"widget\" data-widget_type=\"text-editor.default\">\n<div>\n<p>Wenn Sie auf unserer Website einen Link finden, der aus irgendeinem Grund anst\u00f6\u00dfig ist, k\u00f6nnen Sie uns jederzeit kontaktieren und uns informieren. Wir werden Anfragen zur Entfernung von Links ber\u00fccksichtigen, sind jedoch nicht dazu verpflichtet, Ihnen direkt zu antworten.<\/p>\n<p>Wir \u00fcbernehmen keine Gew\u00e4hr f\u00fcr die Richtigkeit der Informationen auf dieser Website. Wir \u00fcbernehmen keine Gew\u00e4hr f\u00fcr deren Vollst\u00e4ndigkeit oder Richtigkeit und versprechen auch nicht, sicherzustellen, dass die Website verf\u00fcgbar bleibt oder dass das Material auf der Website auf dem neuesten Stand gehalten wird.<\/p>\n<\/div>\n<\/div>\n<div data-id=\"981e8d9\" data-element_type=\"widget\" data-widget_type=\"heading.default\">\n<div>\n<h2>Haftungsausschluss:<\/h2>\n<\/div>\n<\/div>\n<div data-id=\"1864ace\" data-element_type=\"widget\" data-widget_type=\"text-editor.default\">\n<div>\n<p>Soweit gesetzlich zul\u00e4ssig, schlie\u00dfen wir alle Zusicherungen, Gew\u00e4hrleistungen und Bedingungen im Zusammenhang mit unserer Website und der Nutzung dieser Website aus. Nichts in diesem Haftungsausschluss wird:<\/p>\n<ul>\n<li>unsere oder Ihre Haftung f\u00fcr Tod oder K\u00f6rperverletzung einzuschr\u00e4nken oder auszuschlie\u00dfen;<\/li>\n<li>unsere oder Ihre Haftung f\u00fcr Betrug oder arglistige Falschdarstellung einzuschr\u00e4nken oder auszuschlie\u00dfen;<\/li>\n<li>Beschr\u00e4nken Sie unsere oder Ihre Verbindlichkeiten auf eine Weise, die nach geltendem Recht nicht zul\u00e4ssig ist. oder<\/li>\n<li>schlie\u00dfen Sie jegliche unserer oder Ihrer Haftung aus, die nach geltendem Recht m\u00f6glicherweise nicht ausgeschlossen ist.<\/li>\n<\/ul>\n<p>Die in diesem Abschnitt und an anderer Stelle in diesem Haftungsausschluss festgelegten Haftungsbeschr\u00e4nkungen und -verbote: (a) unterliegen dem vorstehenden Absatz; und (b) alle Haftungen regeln, die sich aus dem Haftungsausschluss ergeben, einschlie\u00dflich der Haftung aus Vertrag, unerlaubter Handlung und wegen Verletzung gesetzlicher Pflichten.<\/p>\n<p>Solange die Website und die Informationen und Dienste auf der Website kostenlos zur Verf\u00fcgung gestellt werden, haften wir nicht f\u00fcr Verluste oder Sch\u00e4den jeglicher Art.<\/p>\n<\/div>\n<\/div>\t\t\t\t\t\t<\/div>\n\t\t\t\t<\/div>\n\t\t\t\t\t<\/div>\n\t\t\t\t<\/div>\n\t\t\t\t<\/div>\n\t\t\t\t<\/div>","protected":false},"excerpt":{"rendered":"<p>Allgemeine Gesch\u00e4ftsbedingungen Willkommen bei cnaweld! Diese Allgemeinen Gesch\u00e4ftsbedingungen legen die Regeln fest und \u2026<\/p>\n<p class=\"read-more\"> <a class=\"\" href=\"https:\/\/cnaweld.com\/de\/cookie-richtlinie\/\"> <span class=\"screen-reader-text\">Cookie-Richtlinie<\/span> Mehr lesen &quot;<\/a><\/p>","protected":false},"author":2,"featured_media":0,"parent":0,"menu_order":0,"comment_status":"closed","ping_status":"closed","template":"","meta":{"_uag_custom_page_level_css":"","site-sidebar-layout":"no-sidebar","site-content-layout":"plain-container","ast-global-header-display":"","ast-banner-title-visibility":"","ast-main-header-display":"","ast-hfb-above-header-display":"","ast-hfb-below-header-display":"","ast-hfb-mobile-header-display":"","site-post-title":"disabled","ast-breadcrumbs-content":"","ast-featured-img":"disabled","footer-sml-layout":"","theme-transparent-header-meta":"","adv-header-id-meta":"","stick-header-meta":"","header-above-stick-meta":"","header-main-stick-meta":"","header-below-stick-meta":"","footnotes":""},"class_list":["post-2453","page","type-page","status-publish","hentry"],"uagb_featured_image_src":{"full":false,"thumbnail":false,"medium":false,"medium_large":false,"large":false,"1536x1536":false,"2048x2048":false,"trp-custom-language-flag":false},"uagb_author_info":{"display_name":"china","author_link":"https:\/\/cnaweld.com\/de\/author\/china\/"},"uagb_comment_info":0,"uagb_excerpt":"Terms &amp; Conditions Welcome to cnaweld ! These terms and conditions outline the rules and &hellip; Cookie Policy Read More \u00bb","_links":{"self":[{"href":"https:\/\/cnaweld.com\/de\/wp-json\/wp\/v2\/pages\/2453","targetHints":{"allow":["GET"]}}],"collection":[{"href":"https:\/\/cnaweld.com\/de\/wp-json\/wp\/v2\/pages"}],"about":[{"href":"https:\/\/cnaweld.com\/de\/wp-json\/wp\/v2\/types\/page"}],"author":[{"embeddable":true,"href":"https:\/\/cnaweld.com\/de\/wp-json\/wp\/v2\/users\/2"}],"replies":[{"embeddable":true,"href":"https:\/\/cnaweld.com\/de\/wp-json\/wp\/v2\/comments?post=2453"}],"version-history":[{"count":20,"href":"https:\/\/cnaweld.com\/de\/wp-json\/wp\/v2\/pages\/2453\/revisions"}],"predecessor-version":[{"id":12468,"href":"https:\/\/cnaweld.com\/de\/wp-json\/wp\/v2\/pages\/2453\/revisions\/12468"}],"wp:attachment":[{"href":"https:\/\/cnaweld.com\/de\/wp-json\/wp\/v2\/media?parent=2453"}],"curies":[{"name":"wp","href":"https:\/\/api.w.org\/{rel}","templated":true}]}}