{"id":3185,"date":"2023-08-28T14:07:02","date_gmt":"2023-08-28T06:07:02","guid":{"rendered":"https:\/\/cnaweld.com\/?page_id=3185"},"modified":"2024-06-11T11:21:03","modified_gmt":"2024-06-11T03:21:03","slug":"plasma","status":"publish","type":"page","link":"https:\/\/cnaweld.com\/de\/produkte\/plama\/","title":{"rendered":"Plasma"},"content":{"rendered":"<div data-elementor-type=\"wp-page\" data-elementor-id=\"3185\" class=\"elementor elementor-3185\" data-elementor-post-type=\"page\">\n\t\t\t\t<div class=\"elementor-element elementor-element-b264d15 e-con-full e-flex e-con e-parent\" data-id=\"b264d15\" data-element_type=\"container\" data-settings=\"{&quot;content_width&quot;:&quot;full&quot;,&quot;background_background&quot;:&quot;classic&quot;,&quot;container_type&quot;:&quot;flex&quot;}\" data-e-bg-lazyload=\"\" data-core-v316-plus=\"true\">\n\t\t<div class=\"elementor-element elementor-element-9304d58 e-con-full e-flex e-con e-child\" data-id=\"9304d58\" data-element_type=\"container\" data-settings=\"{&quot;content_width&quot;:&quot;full&quot;,&quot;container_type&quot;:&quot;flex&quot;}\">\n\t\t\t\t<div class=\"elementor-element elementor-element-bf20447 elementor-widget elementor-widget-image\" data-id=\"bf20447\" data-element_type=\"widget\" data-widget_type=\"image.default\">\n\t\t\t\t<div class=\"elementor-widget-container\">\n\t\t\t<style>\/*! elementor - v3.19.0 - 28-02-2024 *\/\n.elementor-widget-image{text-align:center}.elementor-widget-image a{display:inline-block}.elementor-widget-image a img[src$=\".svg\"]{width:48px}.elementor-widget-image img{vertical-align:middle;display:inline-block}<\/style>\t\t\t\t\t\t\t\t\t\t<img fetchpriority=\"high\" decoding=\"async\" width=\"668\" height=\"1024\" src=\"https:\/\/cnaweld.com\/wp-content\/uploads\/2024\/06\/\u6d77\u5b9d-e1693451918645-668x1024.webp\" class=\"attachment-large size-large wp-image-7908\" alt=\"CNAWELD PMX\/LC-Plasma\" srcset=\"https:\/\/cnaweld.com\/wp-content\/uploads\/2024\/06\/\u6d77\u5b9d-e1693451918645-668x1024.webp 668w, https:\/\/cnaweld.com\/wp-content\/uploads\/2024\/06\/\u6d77\u5b9d-e1693451918645-196x300.webp 196w, https:\/\/cnaweld.com\/wp-content\/uploads\/2024\/06\/\u6d77\u5b9d-e1693451918645-768x1177.webp 768w, https:\/\/cnaweld.com\/wp-content\/uploads\/2024\/06\/\u6d77\u5b9d-e1693451918645-1002x1536.webp 1002w, https:\/\/cnaweld.com\/wp-content\/uploads\/2024\/06\/\u6d77\u5b9d-e1693451918645-1336x2048.webp 1336w, https:\/\/cnaweld.com\/wp-content\/uploads\/2024\/06\/\u6d77\u5b9d-e1693451918645-8x12.webp 8w, https:\/\/cnaweld.com\/wp-content\/uploads\/2024\/06\/\u6d77\u5b9d-e1693451918645.webp 1664w\" sizes=\"(max-width: 668px) 100vw, 668px\" \/>\t\t\t\t\t\t\t\t\t\t\t\t\t<\/div>\n\t\t\t\t<\/div>\n\t\t\t\t<\/div>\n\t\t<div class=\"elementor-element elementor-element-3658702 e-con-full e-flex e-con e-child\" data-id=\"3658702\" data-element_type=\"container\" data-settings=\"{&quot;content_width&quot;:&quot;full&quot;,&quot;container_type&quot;:&quot;flex&quot;}\">\n\t\t<div class=\"elementor-element elementor-element-9071be3 e-con-full e-flex e-con e-child\" data-id=\"9071be3\" data-element_type=\"container\" data-settings=\"{&quot;content_width&quot;:&quot;full&quot;,&quot;container_type&quot;:&quot;flex&quot;}\">\n\t\t\t\t<div class=\"elementor-element elementor-element-038b274 elementor-widget elementor-widget-heading\" data-id=\"038b274\" data-element_type=\"widget\" data-widget_type=\"heading.default\">\n\t\t\t\t<div class=\"elementor-widget-container\">\n\t\t\t<style>\/*! elementor - v3.19.0 - 28-02-2024 *\/\n.elementor-heading-title{padding:0;margin:0;line-height:1}.elementor-widget-heading .elementor-heading-title[class*=elementor-size-]>a{color:inherit;font-size:inherit;line-height:inherit}.elementor-widget-heading .elementor-heading-title.elementor-size-small{font-size:15px}.elementor-widget-heading .elementor-heading-title.elementor-size-medium{font-size:19px}.elementor-widget-heading .elementor-heading-title.elementor-size-large{font-size:29px}.elementor-widget-heading .elementor-heading-title.elementor-size-xl{font-size:39px}.elementor-widget-heading .elementor-heading-title.elementor-size-xxl{font-size:59px}<\/style><h2 class=\"elementor-heading-title elementor-size-default\">PMX\/LC-Plasmaserie<\/h2>\t\t<\/div>\n\t\t\t\t<\/div>\n\t\t\t\t<div class=\"elementor-element elementor-element-66a461e elementor-widget__width-initial elementor-widget elementor-widget-text-editor\" data-id=\"66a461e\" data-element_type=\"widget\" data-widget_type=\"text-editor.default\">\n\t\t\t\t<div class=\"elementor-widget-container\">\n\t\t\t<style>\/*! elementor - v3.19.0 - 28-02-2024 *\/\n.elementor-widget-text-editor.elementor-drop-cap-view-stacked .elementor-drop-cap{background-color:#69727d;color:#fff}.elementor-widget-text-editor.elementor-drop-cap-view-framed .elementor-drop-cap{color:#69727d;border:3px solid;background-color:transparent}.elementor-widget-text-editor:not(.elementor-drop-cap-view-default) .elementor-drop-cap{margin-top:8px}.elementor-widget-text-editor:not(.elementor-drop-cap-view-default) .elementor-drop-cap-letter{width:1em;height:1em}.elementor-widget-text-editor .elementor-drop-cap{float:left;text-align:center;line-height:1;font-size:50px}.elementor-widget-text-editor .elementor-drop-cap-letter{display:inline-block}<\/style>\t\t\t\t<p>Der tragbare PMX\/LC-Plasmaschneidbrenner von CNAWELD bietet eine Mischung aus modernem Design und modernster Funktionalit\u00e4t, die darauf zugeschnitten ist, im Bereich des Plasmaschneidens Spitzenleistungen zu erbringen. Dieser hochmoderne Brenner wurde f\u00fcr Pr\u00e4zision und Effizienz entwickelt und stellt den H\u00f6hepunkt der Kompetenz von CNAWELD dar.<\/p><p>Der CNAWELD PMX\/LC Hand-Plasmaschneidbrenner legt Wert auf ergonomische Exzellenz und garantiert optimalen Komfort und Kontrolle w\u00e4hrend des gesamten Schneidvorgangs. Seine ausgewogene Gewichtsverteilung tr\u00e4gt zu einer reibungslosen Man\u00f6vrierf\u00e4higkeit bei und erm\u00f6glicht pr\u00e4zise Schnitte bei minimalem Kraftaufwand.<\/p>\t\t\t\t\t\t<\/div>\n\t\t\t\t<\/div>\n\t\t\t\t<div class=\"elementor-element elementor-element-d3ef6f6 elementor-mobile-align-center elementor-widget elementor-widget-button\" data-id=\"d3ef6f6\" data-element_type=\"widget\" data-widget_type=\"button.default\">\n\t\t\t\t<div class=\"elementor-widget-container\">\n\t\t\t\t\t<div class=\"elementor-button-wrapper\">\n\t\t\t<a class=\"elementor-button elementor-button-link elementor-size-sm elementor-animation-shrink\" href=\"https:\/\/cnaweld.com\/de\/produkte\/plama\/plasmaschneiden\/\">\n\t\t\t\t\t\t<span class=\"elementor-button-content-wrapper\">\n\t\t\t\t\t\t<span class=\"elementor-button-text\">Finde mehr heraus<\/span>\n\t\t<\/span>\n\t\t\t\t\t<\/a>\n\t\t<\/div>\n\t\t\t\t<\/div>\n\t\t\t\t<\/div>\n\t\t\t\t<\/div>\n\t\t\t\t<\/div>\n\t\t\t\t<\/div>\n\t\t<div class=\"elementor-element elementor-element-19a4df6 e-con-full e-flex e-con e-parent\" data-id=\"19a4df6\" data-element_type=\"container\" data-settings=\"{&quot;content_width&quot;:&quot;full&quot;,&quot;background_background&quot;:&quot;classic&quot;,&quot;container_type&quot;:&quot;flex&quot;}\" data-core-v316-plus=\"true\">\n\t\t<div class=\"elementor-element elementor-element-63009a8 e-con-full e-flex e-con e-child\" data-id=\"63009a8\" data-element_type=\"container\" data-settings=\"{&quot;content_width&quot;:&quot;full&quot;,&quot;background_background&quot;:&quot;classic&quot;,&quot;container_type&quot;:&quot;flex&quot;}\">\n\t\t<div class=\"elementor-element elementor-element-b96b2dc e-con-full e-flex e-con e-child\" data-id=\"b96b2dc\" data-element_type=\"container\" data-settings=\"{&quot;content_width&quot;:&quot;full&quot;,&quot;container_type&quot;:&quot;flex&quot;}\">\n\t\t<div class=\"elementor-element elementor-element-92566eb e-flex e-con-boxed e-con e-child\" data-id=\"92566eb\" data-element_type=\"container\" data-settings=\"{&quot;container_type&quot;:&quot;flex&quot;,&quot;content_width&quot;:&quot;boxed&quot;}\">\n\t\t\t\t\t<div class=\"e-con-inner\">\n\t\t\t\t<div class=\"elementor-element elementor-element-9d2ca68 elementor-widget elementor-widget-heading\" data-id=\"9d2ca68\" data-element_type=\"widget\" data-widget_type=\"heading.default\">\n\t\t\t\t<div class=\"elementor-widget-container\">\n\t\t\t<h2 class=\"elementor-heading-title elementor-size-default\">Nicht-Hochfrequenz-Plasmaschneider<\/h2>\t\t<\/div>\n\t\t\t\t<\/div>\n\t\t\t\t<div class=\"elementor-element elementor-element-35110a2 elementor-widget__width-initial elementor-widget elementor-widget-text-editor\" data-id=\"35110a2\" data-element_type=\"widget\" data-widget_type=\"text-editor.default\">\n\t\t\t\t<div class=\"elementor-widget-container\">\n\t\t\t\t\t\t\t<p>Der CNAWELD Non-High Frenquncy Cutting Torch verk\u00f6rpert eine Synthese aus modernem Design und modernster Funktionalit\u00e4t, sorgf\u00e4ltig gefertigt, um im Bereich der Schneidanwendungen hervorragende Leistungen zu erbringen. Dieser hochmoderne Brenner ist auf Pr\u00e4zision und Effizienz ausgelegt und stellt den Inbegriff der Kompetenz von CNAWELD dar.<\/p><p>Mit einem unersch\u00fctterlichen Fokus auf ergonomische Exzellenz sorgt der CNAWELD None-High Frenquncy Cutting Torch f\u00fcr optimalen Komfort und Kontrolle bei allen Schneidvorg\u00e4ngen. Seine sorgf\u00e4ltig ausgewogene Gewichtsverteilung tr\u00e4gt zu einer reibungslosen Man\u00f6vrierf\u00e4higkeit bei und erm\u00f6glicht pr\u00e4zise Schnitte bei minimaler k\u00f6rperlicher Belastung.<\/p>\t\t\t\t\t\t<\/div>\n\t\t\t\t<\/div>\n\t\t\t\t<div class=\"elementor-element elementor-element-7b0e99a elementor-mobile-align-center elementor-widget elementor-widget-button\" data-id=\"7b0e99a\" data-element_type=\"widget\" data-widget_type=\"button.default\">\n\t\t\t\t<div class=\"elementor-widget-container\">\n\t\t\t\t\t<div class=\"elementor-button-wrapper\">\n\t\t\t<a class=\"elementor-button elementor-button-link elementor-size-sm elementor-animation-shrink\" href=\"https:\/\/cnaweld.com\/de\/produkte\/plama\/plasma-2-2\/\">\n\t\t\t\t\t\t<span class=\"elementor-button-content-wrapper\">\n\t\t\t\t\t\t<span class=\"elementor-button-text\">Finde mehr heraus<\/span>\n\t\t<\/span>\n\t\t\t\t\t<\/a>\n\t\t<\/div>\n\t\t\t\t<\/div>\n\t\t\t\t<\/div>\n\t\t\t\t\t<\/div>\n\t\t\t\t<\/div>\n\t\t\t\t<\/div>\n\t\t<div class=\"elementor-element elementor-element-1fd030a e-flex e-con-boxed e-con e-child\" data-id=\"1fd030a\" data-element_type=\"container\" data-settings=\"{&quot;container_type&quot;:&quot;flex&quot;,&quot;content_width&quot;:&quot;boxed&quot;}\">\n\t\t\t\t\t<div class=\"e-con-inner\">\n\t\t\t\t<div class=\"elementor-element elementor-element-e791630 elementor-widget elementor-widget-image\" data-id=\"e791630\" data-element_type=\"widget\" data-widget_type=\"image.default\">\n\t\t\t\t<div class=\"elementor-widget-container\">\n\t\t\t\t\t\t\t\t\t\t\t\t\t<img decoding=\"async\" width=\"668\" height=\"1024\" src=\"https:\/\/cnaweld.com\/wp-content\/uploads\/2024\/06\/PT80-668x1024.webp\" class=\"attachment-large size-large wp-image-7913\" alt=\"CNAWELD PT80 Plasmaschneidbrenner\" srcset=\"https:\/\/cnaweld.com\/wp-content\/uploads\/2024\/06\/PT80-668x1024.webp 668w, https:\/\/cnaweld.com\/wp-content\/uploads\/2024\/06\/PT80-196x300.webp 196w, https:\/\/cnaweld.com\/wp-content\/uploads\/2024\/06\/PT80-768x1177.webp 768w, https:\/\/cnaweld.com\/wp-content\/uploads\/2024\/06\/PT80-1002x1536.webp 1002w, https:\/\/cnaweld.com\/wp-content\/uploads\/2024\/06\/PT80-1336x2048.webp 1336w, https:\/\/cnaweld.com\/wp-content\/uploads\/2024\/06\/PT80-8x12.webp 8w, https:\/\/cnaweld.com\/wp-content\/uploads\/2024\/06\/PT80.webp 1664w\" sizes=\"(max-width: 668px) 100vw, 668px\" \/>\t\t\t\t\t\t\t\t\t\t\t\t\t<\/div>\n\t\t\t\t<\/div>\n\t\t\t\t\t<\/div>\n\t\t\t\t<\/div>\n\t\t\t\t<\/div>\n\t\t\t\t<\/div>\n\t\t<div class=\"elementor-element elementor-element-4f35c18 e-con-full e-flex e-con e-parent\" data-id=\"4f35c18\" data-element_type=\"container\" data-settings=\"{&quot;content_width&quot;:&quot;full&quot;,&quot;background_background&quot;:&quot;classic&quot;,&quot;container_type&quot;:&quot;flex&quot;}\" data-e-bg-lazyload=\"\" data-core-v316-plus=\"true\">\n\t\t<div class=\"elementor-element elementor-element-22b13c1 e-con-full e-flex e-con e-child\" data-id=\"22b13c1\" data-element_type=\"container\" data-settings=\"{&quot;content_width&quot;:&quot;full&quot;,&quot;container_type&quot;:&quot;flex&quot;}\">\n\t\t\t\t<div class=\"elementor-element elementor-element-6028081 elementor-widget elementor-widget-image\" data-id=\"6028081\" data-element_type=\"widget\" data-widget_type=\"image.default\">\n\t\t\t\t<div class=\"elementor-widget-container\">\n\t\t\t\t\t\t\t\t\t\t\t\t\t<img decoding=\"async\" width=\"668\" height=\"1024\" src=\"https:\/\/cnaweld.com\/wp-content\/uploads\/2024\/06\/P80-e1693452107352-668x1024.webp\" class=\"attachment-large size-large wp-image-7915\" alt=\"CNAWELD P80 Plasmaschneidbrenner\" srcset=\"https:\/\/cnaweld.com\/wp-content\/uploads\/2024\/06\/P80-e1693452107352-668x1024.webp 668w, https:\/\/cnaweld.com\/wp-content\/uploads\/2024\/06\/P80-e1693452107352-196x300.webp 196w, https:\/\/cnaweld.com\/wp-content\/uploads\/2024\/06\/P80-e1693452107352-768x1177.webp 768w, https:\/\/cnaweld.com\/wp-content\/uploads\/2024\/06\/P80-e1693452107352-1002x1536.webp 1002w, https:\/\/cnaweld.com\/wp-content\/uploads\/2024\/06\/P80-e1693452107352-1336x2048.webp 1336w, https:\/\/cnaweld.com\/wp-content\/uploads\/2024\/06\/P80-e1693452107352-8x12.webp 8w, https:\/\/cnaweld.com\/wp-content\/uploads\/2024\/06\/P80-e1693452107352.webp 1664w\" sizes=\"(max-width: 668px) 100vw, 668px\" \/>\t\t\t\t\t\t\t\t\t\t\t\t\t<\/div>\n\t\t\t\t<\/div>\n\t\t\t\t<\/div>\n\t\t<div class=\"elementor-element elementor-element-cbfb411 e-con-full e-flex e-con e-child\" data-id=\"cbfb411\" data-element_type=\"container\" data-settings=\"{&quot;content_width&quot;:&quot;full&quot;,&quot;container_type&quot;:&quot;flex&quot;}\">\n\t\t<div class=\"elementor-element elementor-element-0b41574 e-con-full e-flex e-con e-child\" data-id=\"0b41574\" data-element_type=\"container\" data-settings=\"{&quot;content_width&quot;:&quot;full&quot;,&quot;container_type&quot;:&quot;flex&quot;}\">\n\t\t\t\t<div class=\"elementor-element elementor-element-9c2e1af elementor-widget elementor-widget-heading\" data-id=\"9c2e1af\" data-element_type=\"widget\" data-widget_type=\"heading.default\">\n\t\t\t\t<div class=\"elementor-widget-container\">\n\t\t\t<h2 class=\"elementor-heading-title elementor-size-default\">Hochfrequenzplasma<\/h2>\t\t<\/div>\n\t\t\t\t<\/div>\n\t\t\t\t<div class=\"elementor-element elementor-element-309eebb elementor-widget__width-initial elementor-widget elementor-widget-text-editor\" data-id=\"309eebb\" data-element_type=\"widget\" data-widget_type=\"text-editor.default\">\n\t\t\t\t<div class=\"elementor-widget-container\">\n\t\t\t\t\t\t\t<p>Der CNAWELD-Hochfrequenz-Schneidbrenner stellt den Gipfel modernen Designs und modernster Funktionalit\u00e4t dar und wurde sorgf\u00e4ltig entwickelt, um bei einer Vielzahl von Schneidanwendungen hervorragende Leistungen zu erbringen. Dieser hochmoderne Brenner ist auf einwandfreie Pr\u00e4zision und Effizienz ausgelegt und verk\u00f6rpert die Kr\u00f6nung der Kompetenz von CNAWELD.<\/p><p>Der CNAWELD-Hochfrequenz-Schneidbrenner stellt ergonomische Spitzenleistungen in den Vordergrund und garantiert optimalen Komfort und Kontrolle bei komplizierten Schneidvorg\u00e4ngen. Seine sorgf\u00e4ltig ausgewogene Gewichtsverteilung verbessert die Man\u00f6vrierf\u00e4higkeit und erm\u00f6glicht sorgf\u00e4ltige Schnitte bei minimaler k\u00f6rperlicher Anstrengung.<\/p>\t\t\t\t\t\t<\/div>\n\t\t\t\t<\/div>\n\t\t\t\t<div class=\"elementor-element elementor-element-7b642cb elementor-mobile-align-center elementor-widget elementor-widget-button\" data-id=\"7b642cb\" data-element_type=\"widget\" data-widget_type=\"button.default\">\n\t\t\t\t<div class=\"elementor-widget-container\">\n\t\t\t\t\t<div class=\"elementor-button-wrapper\">\n\t\t\t<a class=\"elementor-button elementor-button-link elementor-size-sm elementor-animation-shrink\" href=\"https:\/\/cnaweld.com\/de\/produkte\/plama\/plasma-3-2\/\">\n\t\t\t\t\t\t<span class=\"elementor-button-content-wrapper\">\n\t\t\t\t\t\t<span class=\"elementor-button-text\">Finde mehr heraus<\/span>\n\t\t<\/span>\n\t\t\t\t\t<\/a>\n\t\t<\/div>\n\t\t\t\t<\/div>\n\t\t\t\t<\/div>\n\t\t\t\t<\/div>\n\t\t\t\t<\/div>\n\t\t\t\t<\/div>\n\t\t\t\t<\/div>","protected":false},"excerpt":{"rendered":"<p>PMX\/LC-Plasmaserie Der tragbare PMX\/LC-Plasmaschneidbrenner von CNAWELD pr\u00e4sentiert eine Mischung aus moderner \u2026<\/p>\n<p class=\"read-more\"> <a class=\"\" href=\"https:\/\/cnaweld.com\/de\/produkte\/plama\/\"> <span class=\"screen-reader-text\">Plasma<\/span> Mehr lesen &quot;<\/a><\/p>","protected":false},"author":2,"featured_media":0,"parent":879,"menu_order":0,"comment_status":"closed","ping_status":"closed","template":"","meta":{"_uag_custom_page_level_css":"","site-sidebar-layout":"no-sidebar","site-content-layout":"page-builder","ast-global-header-display":"","ast-banner-title-visibility":"","ast-main-header-display":"","ast-hfb-above-header-display":"","ast-hfb-below-header-display":"","ast-hfb-mobile-header-display":"","site-post-title":"disabled","ast-breadcrumbs-content":"","ast-featured-img":"disabled","footer-sml-layout":"","theme-transparent-header-meta":"","adv-header-id-meta":"","stick-header-meta":"","header-above-stick-meta":"","header-main-stick-meta":"","header-below-stick-meta":"","footnotes":""},"class_list":["post-3185","page","type-page","status-publish","hentry"],"uagb_featured_image_src":{"full":false,"thumbnail":false,"medium":false,"medium_large":false,"large":false,"1536x1536":false,"2048x2048":false,"trp-custom-language-flag":false},"uagb_author_info":{"display_name":"china","author_link":"https:\/\/cnaweld.com\/de\/author\/china\/"},"uagb_comment_info":0,"uagb_excerpt":"PMX\/LC Plasma Series The CNAWELD Handheld PMX\/LC Plasma Cutting Torch showcases a blend of contemporary &hellip; Plasma Read More \u00bb","_links":{"self":[{"href":"https:\/\/cnaweld.com\/de\/wp-json\/wp\/v2\/pages\/3185","targetHints":{"allow":["GET"]}}],"collection":[{"href":"https:\/\/cnaweld.com\/de\/wp-json\/wp\/v2\/pages"}],"about":[{"href":"https:\/\/cnaweld.com\/de\/wp-json\/wp\/v2\/types\/page"}],"author":[{"embeddable":true,"href":"https:\/\/cnaweld.com\/de\/wp-json\/wp\/v2\/users\/2"}],"replies":[{"embeddable":true,"href":"https:\/\/cnaweld.com\/de\/wp-json\/wp\/v2\/comments?post=3185"}],"version-history":[{"count":78,"href":"https:\/\/cnaweld.com\/de\/wp-json\/wp\/v2\/pages\/3185\/revisions"}],"predecessor-version":[{"id":7918,"href":"https:\/\/cnaweld.com\/de\/wp-json\/wp\/v2\/pages\/3185\/revisions\/7918"}],"up":[{"embeddable":true,"href":"https:\/\/cnaweld.com\/de\/wp-json\/wp\/v2\/pages\/879"}],"wp:attachment":[{"href":"https:\/\/cnaweld.com\/de\/wp-json\/wp\/v2\/media?parent=3185"}],"curies":[{"name":"wp","href":"https:\/\/api.w.org\/{rel}","templated":true}]}}