{"id":3524,"date":"2023-08-31T09:47:43","date_gmt":"2023-08-31T01:47:43","guid":{"rendered":"https:\/\/cnaweld.com\/?page_id=3524"},"modified":"2024-06-11T15:30:25","modified_gmt":"2024-06-11T07:30:25","slug":"hot-wire-tig-welding-torch","status":"publish","type":"page","link":"https:\/\/cnaweld.com\/de\/produkte\/tig\/wig-3\/","title":{"rendered":"Hei\u00dfdraht-WIG-Schwei\u00dfbrenner"},"content":{"rendered":"<div data-elementor-type=\"wp-page\" data-elementor-id=\"3524\" class=\"elementor elementor-3524\" data-elementor-post-type=\"page\">\n\t\t\t\t<div class=\"elementor-element elementor-element-d86a5a3 e-con-full e-flex e-con e-parent\" data-id=\"d86a5a3\" data-element_type=\"container\" data-settings=\"{&quot;content_width&quot;:&quot;full&quot;,&quot;background_background&quot;:&quot;classic&quot;,&quot;container_type&quot;:&quot;flex&quot;}\" data-e-bg-lazyload=\"\" data-core-v316-plus=\"true\">\n\t\t<div class=\"elementor-element elementor-element-6459fe0 e-con-full e-flex e-con e-child\" data-id=\"6459fe0\" data-element_type=\"container\" data-settings=\"{&quot;content_width&quot;:&quot;full&quot;,&quot;container_type&quot;:&quot;flex&quot;}\">\n\t\t<div class=\"elementor-element elementor-element-a017441 e-con-full e-flex e-con e-child\" data-id=\"a017441\" data-element_type=\"container\" data-settings=\"{&quot;content_width&quot;:&quot;full&quot;,&quot;container_type&quot;:&quot;flex&quot;}\">\n\t\t\t\t<div class=\"elementor-element elementor-element-34d2d90 elementor-widget__width-initial elementor-widget elementor-widget-heading\" data-id=\"34d2d90\" data-element_type=\"widget\" data-widget_type=\"heading.default\">\n\t\t\t\t<div class=\"elementor-widget-container\">\n\t\t\t<style>\/*! elementor - v3.19.0 - 28-02-2024 *\/\n.elementor-heading-title{padding:0;margin:0;line-height:1}.elementor-widget-heading .elementor-heading-title[class*=elementor-size-]>a{color:inherit;font-size:inherit;line-height:inherit}.elementor-widget-heading .elementor-heading-title.elementor-size-small{font-size:15px}.elementor-widget-heading .elementor-heading-title.elementor-size-medium{font-size:19px}.elementor-widget-heading .elementor-heading-title.elementor-size-large{font-size:29px}.elementor-widget-heading .elementor-heading-title.elementor-size-xl{font-size:39px}.elementor-widget-heading .elementor-heading-title.elementor-size-xxl{font-size:59px}<\/style><h2 class=\"elementor-heading-title elementor-size-default\">Hei\u00dfdraht-WIG-Brenner<\/h2>\t\t<\/div>\n\t\t\t\t<\/div>\n\t\t\t\t<div class=\"elementor-element elementor-element-af10f27 elementor-widget__width-initial elementor-widget elementor-widget-text-editor\" data-id=\"af10f27\" data-element_type=\"widget\" data-widget_type=\"text-editor.default\">\n\t\t\t\t<div class=\"elementor-widget-container\">\n\t\t\t<style>\/*! elementor - v3.19.0 - 28-02-2024 *\/\n.elementor-widget-text-editor.elementor-drop-cap-view-stacked .elementor-drop-cap{background-color:#69727d;color:#fff}.elementor-widget-text-editor.elementor-drop-cap-view-framed .elementor-drop-cap{color:#69727d;border:3px solid;background-color:transparent}.elementor-widget-text-editor:not(.elementor-drop-cap-view-default) .elementor-drop-cap{margin-top:8px}.elementor-widget-text-editor:not(.elementor-drop-cap-view-default) .elementor-drop-cap-letter{width:1em;height:1em}.elementor-widget-text-editor .elementor-drop-cap{float:left;text-align:center;line-height:1;font-size:50px}.elementor-widget-text-editor .elementor-drop-cap-letter{display:inline-block}<\/style>\t\t\t\t<p>Der Hei\u00dfdraht-WIG-Brenner ist ein fortschrittliches Schwei\u00dfger\u00e4t, das die Pr\u00e4zision, Kontrolle und Qualit\u00e4t von WIG-Schwei\u00dfvorg\u00e4ngen verbessert, insbesondere bei anspruchsvollen Anwendungen oder Materialien.<\/p>\t\t\t\t\t\t<\/div>\n\t\t\t\t<\/div>\n\t\t\t\t<div class=\"elementor-element elementor-element-e2b246f elementor-widget elementor-widget-n-accordion\" data-id=\"e2b246f\" data-element_type=\"widget\" data-settings=\"{&quot;_animation&quot;:&quot;none&quot;,&quot;default_state&quot;:&quot;expanded&quot;,&quot;max_items_expended&quot;:&quot;one&quot;,&quot;n_accordion_animation_duration&quot;:{&quot;unit&quot;:&quot;ms&quot;,&quot;size&quot;:400,&quot;sizes&quot;:[]}}\" data-widget_type=\"nested-accordion.default\">\n\t\t\t\t<div class=\"elementor-widget-container\">\n\t\t\t\t\t<div class=\"e-n-accordion\" aria-label=\"Akkordeon. \u00d6ffnen Sie Links mit der Eingabetaste oder der Leertaste, schlie\u00dfen Sie sie mit der Escape-Taste und navigieren Sie mit den Pfeiltasten\">\n\t\t\t\t\t\t<details id=\"e-n-accordion-item-2370\" class=\"e-n-accordion-item\" open>\n\t\t\t\t<summary class=\"e-n-accordion-item-title\" data-accordion-index=\"1\" tabindex=\"0\" aria-expanded=\"true\" aria-controls=\"e-n-accordion-item-2370\" >\n\t\t\t\t\t<span class='e-n-accordion-item-title-header'><div class=\"e-n-accordion-item-title-text\"> \u2460 Hei\u00dfdrahttechnologie <\/div><\/span>\n\t\t\t\t\t\t\t\t\t<\/summary>\n\t\t\t\t<div role=\"region\" aria-labelledby=\"e-n-accordion-item-2370\" class=\"elementor-element elementor-element-26cd04d e-con-full e-flex e-con e-child\" data-id=\"26cd04d\" data-element_type=\"container\" data-settings=\"{&quot;content_width&quot;:&quot;full&quot;,&quot;container_type&quot;:&quot;flex&quot;}\">\n\t\t<div role=\"region\" aria-labelledby=\"e-n-accordion-item-2370\" class=\"elementor-element elementor-element-bb8f72f e-flex e-con-boxed e-con e-child\" data-id=\"bb8f72f\" data-element_type=\"container\" data-settings=\"{&quot;container_type&quot;:&quot;flex&quot;,&quot;content_width&quot;:&quot;boxed&quot;}\">\n\t\t\t\t\t<div class=\"e-con-inner\">\n\t\t\t\t<div class=\"elementor-element elementor-element-121afb1 elementor-widget elementor-widget-text-editor\" data-id=\"121afb1\" data-element_type=\"widget\" data-settings=\"{&quot;_animation&quot;:&quot;none&quot;}\" data-widget_type=\"text-editor.default\">\n\t\t\t\t<div class=\"elementor-widget-container\">\n\t\t\t\t\t\t\t<p>Das entscheidende Merkmal dieses Hei\u00dfdraht-WIG-Brenners ist seine Hei\u00dfdrahttechnologie. Beim Hei\u00dfdraht-WIG-Schwei\u00dfen wird ein zus\u00e4tzlicher Draht verwendet, der typischerweise aus einem anderen Material als das Grundmetall besteht, erhitzt und neben der Wolframelektrode in das Schwei\u00dfbad eingef\u00fchrt wird. Dieser Hei\u00dfdraht w\u00e4rmt den Schwei\u00dfbereich vor und erleichtert so die Erzielung gleichm\u00e4\u00dfiger und hochwertiger Schwei\u00dfn\u00e4hte, insbesondere bei dicken oder anspruchsvollen Materialien.<\/p>\t\t\t\t\t\t<\/div>\n\t\t\t\t<\/div>\n\t\t\t\t<div class=\"elementor-element elementor-element-c20598d elementor-widget-divider--view-line elementor-widget elementor-widget-divider\" data-id=\"c20598d\" data-element_type=\"widget\" data-widget_type=\"divider.default\">\n\t\t\t\t<div class=\"elementor-widget-container\">\n\t\t\t<style>\/*! elementor - v3.19.0 - 28-02-2024 *\/\n.elementor-widget-divider{--divider-border-style:none;--divider-border-width:1px;--divider-color:#0c0d0e;--divider-icon-size:20px;--divider-element-spacing:10px;--divider-pattern-height:24px;--divider-pattern-size:20px;--divider-pattern-url:none;--divider-pattern-repeat:repeat-x}.elementor-widget-divider .elementor-divider{display:flex}.elementor-widget-divider .elementor-divider__text{font-size:15px;line-height:1;max-width:95%}.elementor-widget-divider .elementor-divider__element{margin:0 var(--divider-element-spacing);flex-shrink:0}.elementor-widget-divider .elementor-icon{font-size:var(--divider-icon-size)}.elementor-widget-divider .elementor-divider-separator{display:flex;margin:0;direction:ltr}.elementor-widget-divider--view-line_icon .elementor-divider-separator,.elementor-widget-divider--view-line_text .elementor-divider-separator{align-items:center}.elementor-widget-divider--view-line_icon .elementor-divider-separator:after,.elementor-widget-divider--view-line_icon .elementor-divider-separator:before,.elementor-widget-divider--view-line_text .elementor-divider-separator:after,.elementor-widget-divider--view-line_text .elementor-divider-separator:before{display:block;content:\"\";border-block-end:0;flex-grow:1;border-block-start:var(--divider-border-width) var(--divider-border-style) var(--divider-color)}.elementor-widget-divider--element-align-left .elementor-divider .elementor-divider-separator>.elementor-divider__svg:first-of-type{flex-grow:0;flex-shrink:100}.elementor-widget-divider--element-align-left .elementor-divider-separator:before{content:none}.elementor-widget-divider--element-align-left .elementor-divider__element{margin-left:0}.elementor-widget-divider--element-align-right .elementor-divider .elementor-divider-separator>.elementor-divider__svg:last-of-type{flex-grow:0;flex-shrink:100}.elementor-widget-divider--element-align-right .elementor-divider-separator:after{content:none}.elementor-widget-divider--element-align-right .elementor-divider__element{margin-right:0}.elementor-widget-divider--element-align-start .elementor-divider .elementor-divider-separator>.elementor-divider__svg:first-of-type{flex-grow:0;flex-shrink:100}.elementor-widget-divider--element-align-start .elementor-divider-separator:before{content:none}.elementor-widget-divider--element-align-start .elementor-divider__element{margin-inline-start:0}.elementor-widget-divider--element-align-end .elementor-divider .elementor-divider-separator>.elementor-divider__svg:last-of-type{flex-grow:0;flex-shrink:100}.elementor-widget-divider--element-align-end .elementor-divider-separator:after{content:none}.elementor-widget-divider--element-align-end .elementor-divider__element{margin-inline-end:0}.elementor-widget-divider:not(.elementor-widget-divider--view-line_text):not(.elementor-widget-divider--view-line_icon) .elementor-divider-separator{border-block-start:var(--divider-border-width) var(--divider-border-style) var(--divider-color)}.elementor-widget-divider--separator-type-pattern{--divider-border-style:none}.elementor-widget-divider--separator-type-pattern.elementor-widget-divider--view-line .elementor-divider-separator,.elementor-widget-divider--separator-type-pattern:not(.elementor-widget-divider--view-line) .elementor-divider-separator:after,.elementor-widget-divider--separator-type-pattern:not(.elementor-widget-divider--view-line) .elementor-divider-separator:before,.elementor-widget-divider--separator-type-pattern:not([class*=elementor-widget-divider--view]) .elementor-divider-separator{width:100%;min-height:var(--divider-pattern-height);-webkit-mask-size:var(--divider-pattern-size) 100%;mask-size:var(--divider-pattern-size) 100%;-webkit-mask-repeat:var(--divider-pattern-repeat);mask-repeat:var(--divider-pattern-repeat);background-color:var(--divider-color);-webkit-mask-image:var(--divider-pattern-url);mask-image:var(--divider-pattern-url)}.elementor-widget-divider--no-spacing{--divider-pattern-size:auto}.elementor-widget-divider--bg-round{--divider-pattern-repeat:round}.rtl .elementor-widget-divider .elementor-divider__text{direction:rtl}.e-con-inner>.elementor-widget-divider,.e-con>.elementor-widget-divider{width:var(--container-widget-width,100%);--flex-grow:var(--container-widget-flex-grow)}<\/style>\t\t<div class=\"elementor-divider\">\n\t\t\t<span class=\"elementor-divider-separator\">\n\t\t\t\t\t\t<\/span>\n\t\t<\/div>\n\t\t\t\t<\/div>\n\t\t\t\t<\/div>\n\t\t\t\t\t<\/div>\n\t\t\t\t<\/div>\n\t\t\t\t<\/div>\n\t\t\t\t\t<\/details>\n\t\t\t\t\t\t<details id=\"e-n-accordion-item-2371\" class=\"e-n-accordion-item\" >\n\t\t\t\t<summary class=\"e-n-accordion-item-title\" data-accordion-index=\"2\" tabindex=\"-1\" aria-expanded=\"false\" aria-controls=\"e-n-accordion-item-2371\" >\n\t\t\t\t\t<span class='e-n-accordion-item-title-header'><div class=\"e-n-accordion-item-title-text\"> \u2461Feinkontrolle <\/div><\/span>\n\t\t\t\t\t\t\t\t\t<\/summary>\n\t\t\t\t<div role=\"region\" aria-labelledby=\"e-n-accordion-item-2371\" class=\"elementor-element elementor-element-54a1c30 e-con-full e-flex e-con e-child\" data-id=\"54a1c30\" data-element_type=\"container\" data-settings=\"{&quot;content_width&quot;:&quot;full&quot;,&quot;container_type&quot;:&quot;flex&quot;}\">\n\t\t\t\t<div class=\"elementor-element elementor-element-46d143a elementor-widget elementor-widget-text-editor\" data-id=\"46d143a\" data-element_type=\"widget\" data-widget_type=\"text-editor.default\">\n\t\t\t\t<div class=\"elementor-widget-container\">\n\t\t\t\t\t\t\t<p>Das Hei\u00dfdraht-WIG-Schwei\u00dfen erm\u00f6glicht eine genaue Steuerung der W\u00e4rmezufuhr, der Lichtbogenstabilit\u00e4t und der Eindringtiefe. Dieses Ma\u00df an Kontrolle ist besonders wertvoll bei Anwendungen, bei denen pr\u00e4zise Schwei\u00dfparameter von entscheidender Bedeutung sind.<\/p>\t\t\t\t\t\t<\/div>\n\t\t\t\t<\/div>\n\t\t\t\t<div class=\"elementor-element elementor-element-0786da2 elementor-widget-divider--view-line elementor-widget elementor-widget-divider\" data-id=\"0786da2\" data-element_type=\"widget\" data-widget_type=\"divider.default\">\n\t\t\t\t<div class=\"elementor-widget-container\">\n\t\t\t\t\t<div class=\"elementor-divider\">\n\t\t\t<span class=\"elementor-divider-separator\">\n\t\t\t\t\t\t<\/span>\n\t\t<\/div>\n\t\t\t\t<\/div>\n\t\t\t\t<\/div>\n\t\t\t\t<\/div>\n\t\t\t\t\t<\/details>\n\t\t\t\t\t<\/div>\n\t\t\t\t<\/div>\n\t\t\t\t<\/div>\n\t\t\t\t<\/div>\n\t\t\t\t<\/div>\n\t\t<div class=\"elementor-element elementor-element-63e609b e-con-full e-flex e-con e-child\" data-id=\"63e609b\" data-element_type=\"container\" data-settings=\"{&quot;content_width&quot;:&quot;full&quot;,&quot;container_type&quot;:&quot;flex&quot;}\">\n\t\t\t\t<div class=\"elementor-element elementor-element-ba24f69 elementor-widget elementor-widget-image\" data-id=\"ba24f69\" data-element_type=\"widget\" data-widget_type=\"image.default\">\n\t\t\t\t<div class=\"elementor-widget-container\">\n\t\t\t<style>\/*! elementor - v3.19.0 - 28-02-2024 *\/\n.elementor-widget-image{text-align:center}.elementor-widget-image a{display:inline-block}.elementor-widget-image a img[src$=\".svg\"]{width:48px}.elementor-widget-image img{vertical-align:middle;display:inline-block}<\/style>\t\t\t\t\t\t\t\t\t\t<img fetchpriority=\"high\" decoding=\"async\" width=\"668\" height=\"1024\" src=\"https:\/\/cnaweld.com\/wp-content\/uploads\/2024\/06\/\u70ed\u4e1d-668x1024.webp\" class=\"attachment-large size-large wp-image-7983\" alt=\"CNAWELD Hei\u00dfdraht-WIG-Brenner\" srcset=\"https:\/\/cnaweld.com\/wp-content\/uploads\/2024\/06\/\u70ed\u4e1d-668x1024.webp 668w, https:\/\/cnaweld.com\/wp-content\/uploads\/2024\/06\/\u70ed\u4e1d-196x300.webp 196w, https:\/\/cnaweld.com\/wp-content\/uploads\/2024\/06\/\u70ed\u4e1d-768x1177.webp 768w, https:\/\/cnaweld.com\/wp-content\/uploads\/2024\/06\/\u70ed\u4e1d-1002x1536.webp 1002w, https:\/\/cnaweld.com\/wp-content\/uploads\/2024\/06\/\u70ed\u4e1d-1336x2048.webp 1336w, https:\/\/cnaweld.com\/wp-content\/uploads\/2024\/06\/\u70ed\u4e1d-8x12.webp 8w, https:\/\/cnaweld.com\/wp-content\/uploads\/2024\/06\/\u70ed\u4e1d.webp 1664w\" sizes=\"(max-width: 668px) 100vw, 668px\" \/>\t\t\t\t\t\t\t\t\t\t\t\t\t<\/div>\n\t\t\t\t<\/div>\n\t\t\t\t<\/div>\n\t\t\t\t<\/div>\n\t\t<div class=\"elementor-element elementor-element-7070d57 e-con-full e-flex e-con e-parent\" data-id=\"7070d57\" data-element_type=\"container\" data-settings=\"{&quot;content_width&quot;:&quot;full&quot;,&quot;background_background&quot;:&quot;classic&quot;,&quot;container_type&quot;:&quot;flex&quot;}\" data-core-v316-plus=\"true\">\n\t\t<div class=\"elementor-element elementor-element-8977161 e-con-full e-flex e-con e-child\" data-id=\"8977161\" data-element_type=\"container\" data-settings=\"{&quot;content_width&quot;:&quot;full&quot;,&quot;background_background&quot;:&quot;classic&quot;,&quot;container_type&quot;:&quot;flex&quot;}\">\n\t\t<div class=\"elementor-element elementor-element-5d0cbc4 e-con-full e-flex e-con e-child\" data-id=\"5d0cbc4\" data-element_type=\"container\" data-settings=\"{&quot;content_width&quot;:&quot;full&quot;,&quot;container_type&quot;:&quot;flex&quot;}\">\n\t\t\t\t<div class=\"elementor-element elementor-element-cba2c6d elementor-widget elementor-widget-image\" data-id=\"cba2c6d\" data-element_type=\"widget\" data-widget_type=\"image.default\">\n\t\t\t\t<div class=\"elementor-widget-container\">\n\t\t\t\t\t\t\t\t\t\t\t\t\t<img decoding=\"async\" width=\"800\" height=\"800\" src=\"https:\/\/cnaweld.com\/wp-content\/uploads\/2024\/06\/10.webp\" class=\"attachment-large size-large wp-image-7985\" alt=\"CNAWELD WIG-Schwei\u00dfbrenner\" srcset=\"https:\/\/cnaweld.com\/wp-content\/uploads\/2024\/06\/10.webp 800w, https:\/\/cnaweld.com\/wp-content\/uploads\/2024\/06\/10-300x300.webp 300w, https:\/\/cnaweld.com\/wp-content\/uploads\/2024\/06\/10-150x150.webp 150w, https:\/\/cnaweld.com\/wp-content\/uploads\/2024\/06\/10-768x768.webp 768w, https:\/\/cnaweld.com\/wp-content\/uploads\/2024\/06\/10-12x12.webp 12w\" sizes=\"(max-width: 800px) 100vw, 800px\" \/>\t\t\t\t\t\t\t\t\t\t\t\t\t<\/div>\n\t\t\t\t<\/div>\n\t\t\t\t<\/div>\n\t\t<div class=\"elementor-element elementor-element-9081cc7 e-con-full e-flex e-con e-child\" data-id=\"9081cc7\" data-element_type=\"container\" data-settings=\"{&quot;content_width&quot;:&quot;full&quot;,&quot;container_type&quot;:&quot;flex&quot;}\">\n\t\t<div class=\"elementor-element elementor-element-8a57c90 e-flex e-con-boxed e-con e-child\" data-id=\"8a57c90\" data-element_type=\"container\" data-settings=\"{&quot;container_type&quot;:&quot;flex&quot;,&quot;content_width&quot;:&quot;boxed&quot;}\">\n\t\t\t\t\t<div class=\"e-con-inner\">\n\t\t\t\t<div class=\"elementor-element elementor-element-93e8abe elementor-widget-mobile__width-initial elementor-widget elementor-widget-heading\" data-id=\"93e8abe\" data-element_type=\"widget\" data-widget_type=\"heading.default\">\n\t\t\t\t<div class=\"elementor-widget-container\">\n\t\t\t<h2 class=\"elementor-heading-title elementor-size-default\">Verschlei\u00dfteils\u00e4tze<\/h2>\t\t<\/div>\n\t\t\t\t<\/div>\n\t\t\t\t<div class=\"elementor-element elementor-element-b7b0016 elementor-widget-mobile__width-initial elementor-widget elementor-widget-text-editor\" data-id=\"b7b0016\" data-element_type=\"widget\" data-widget_type=\"text-editor.default\">\n\t\t\t\t<div class=\"elementor-widget-container\">\n\t\t\t\t\t\t\t<p>Reduzierte Verzerrung<\/p>\t\t\t\t\t\t<\/div>\n\t\t\t\t<\/div>\n\t\t\t\t<div class=\"elementor-element elementor-element-c546f5c elementor-widget-divider--view-line elementor-widget elementor-widget-divider\" data-id=\"c546f5c\" data-element_type=\"widget\" data-widget_type=\"divider.default\">\n\t\t\t\t<div class=\"elementor-widget-container\">\n\t\t\t\t\t<div class=\"elementor-divider\">\n\t\t\t<span class=\"elementor-divider-separator\">\n\t\t\t\t\t\t<\/span>\n\t\t<\/div>\n\t\t\t\t<\/div>\n\t\t\t\t<\/div>\n\t\t\t\t<div class=\"elementor-element elementor-element-f95d011 elementor-widget elementor-widget-text-editor\" data-id=\"f95d011\" data-element_type=\"widget\" data-widget_type=\"text-editor.default\">\n\t\t\t\t<div class=\"elementor-widget-container\">\n\t\t\t\t\t\t\t<div class=\"uk-panel uk-text-lead uk-margin uk-width-2xlarge uk-text-left@s uk-text-justify uk-scrollspy-inview\"><p>Durch das Vorw\u00e4rmen des Grundmetalls mit dem Hei\u00dfdraht tr\u00e4gt der Hei\u00dfdraht-WIG-Brenner dazu bei, das Risiko von Verformungen und Verwerfungen im geschwei\u00dften Material zu verringern. Dies ist bei der Arbeit mit d\u00fcnnen oder hitzeempfindlichen Materialien von entscheidender Bedeutung.<\/p><\/div><ul class=\"uk-list uk-list-square uk-list-primary uk-scrollspy-inview\"><li class=\"el-item\"><div class=\"el-content uk-panel uk-h4\"><p><strong><b>Gro\u00dfe Auswahl an Materialien: <\/b><\/strong>Das Hei\u00dfdraht-WIG-Verfahren kann auf eine Vielzahl von Materialien angewendet werden, darunter Edelstahl, Aluminium, Inconel und andere exotische Legierungen. Es wird h\u00e4ufig in Branchen wie der Luft- und Raumfahrt sowie der Kernenergie eingesetzt, in denen strenge Qualit\u00e4ts- und Leistungsstandards erforderlich sind.<\/p><\/div><\/li><li class=\"el-item\"><div class=\"el-content uk-panel uk-h4\"><p><strong><b>Komplexe Gelenke:\u00a0 <\/b><\/strong>Dieser Hei\u00dfdraht-WIG-Brenner eignet sich hervorragend zum Schwei\u00dfen komplexer Verbindungen, einschlie\u00dflich solcher mit unterschiedlichen Dicken, unterschiedlichen Metallen oder komplizierten Geometrien. Aufgrund seiner Vielseitigkeit und pr\u00e4zisen Steuerung eignet es sich f\u00fcr eine Vielzahl von Anwendungen.<\/p><\/div><\/li><\/ul>\t\t\t\t\t\t<\/div>\n\t\t\t\t<\/div>\n\t\t\t\t\t<\/div>\n\t\t\t\t<\/div>\n\t\t\t\t<\/div>\n\t\t\t\t<\/div>\n\t\t\t\t<\/div>\n\t\t<div class=\"elementor-element elementor-element-2da24af e-con-full e-flex e-con e-parent\" data-id=\"2da24af\" data-element_type=\"container\" data-settings=\"{&quot;content_width&quot;:&quot;full&quot;,&quot;background_background&quot;:&quot;classic&quot;,&quot;container_type&quot;:&quot;flex&quot;}\" data-e-bg-lazyload=\"\" data-core-v316-plus=\"true\">\n\t\t<div class=\"elementor-element elementor-element-61e97a4 e-con-full e-flex e-con e-child\" data-id=\"61e97a4\" data-element_type=\"container\" data-settings=\"{&quot;content_width&quot;:&quot;full&quot;,&quot;background_background&quot;:&quot;classic&quot;,&quot;container_type&quot;:&quot;flex&quot;}\">\n\t\t<div class=\"elementor-element elementor-element-2000d00 e-con-full e-flex e-con e-child\" data-id=\"2000d00\" data-element_type=\"container\" data-settings=\"{&quot;content_width&quot;:&quot;full&quot;,&quot;container_type&quot;:&quot;flex&quot;}\">\n\t\t\t\t<div class=\"elementor-element elementor-element-46c9ba9 elementor-widget elementor-widget-heading\" data-id=\"46c9ba9\" data-element_type=\"widget\" data-widget_type=\"heading.default\">\n\t\t\t\t<div class=\"elementor-widget-container\">\n\t\t\t<h2 class=\"elementor-heading-title elementor-size-default\">Automatische Systeme<\/h2>\t\t<\/div>\n\t\t\t\t<\/div>\n\t\t\t\t<div class=\"elementor-element elementor-element-60f4e00 elementor-widget__width-initial elementor-widget elementor-widget-text-editor\" data-id=\"60f4e00\" data-element_type=\"widget\" data-widget_type=\"text-editor.default\">\n\t\t\t\t<div class=\"elementor-widget-container\">\n\t\t\t\t\t\t\t<p>Das Hei\u00dfdraht-WIG-Schwei\u00dfen kann auch in automatisierte Schwei\u00dfsysteme integriert werden, in denen Roboterarme den Brenner und die Drahtzuf\u00fchrung steuern, um konsistente und effiziente Schwei\u00dfprozesse zu gew\u00e4hrleisten. Zusammenfassend l\u00e4sst sich sagen, dass der Hei\u00dfdraht-WIG-Brenner ein spezielles Schwei\u00dfger\u00e4t ist, das die Hei\u00dfdrahttechnologie nutzt, um eine pr\u00e4zise Steuerung zu erm\u00f6glichen, Verformungen zu reduzieren und die Qualit\u00e4t des WIG-Schwei\u00dfens zu verbessern. Es ist besonders wertvoll in Branchen und Anwendungen, die hochwertige Schwei\u00dfn\u00e4hte und komplexe Verbindungskonfigurationen erfordern.<\/p>\t\t\t\t\t\t<\/div>\n\t\t\t\t<\/div>\n\t\t\t\t<\/div>\n\t\t<div class=\"elementor-element elementor-element-0a779a0 e-con-full e-flex e-con e-child\" data-id=\"0a779a0\" data-element_type=\"container\" data-settings=\"{&quot;content_width&quot;:&quot;full&quot;,&quot;container_type&quot;:&quot;flex&quot;}\">\n\t\t\t\t<div class=\"elementor-element elementor-element-2b42308 elementor-widget__width-initial elementor-widget-mobile__width-initial elementor-widget elementor-widget-image\" data-id=\"2b42308\" data-element_type=\"widget\" data-settings=\"{&quot;_animation&quot;:&quot;none&quot;}\" data-widget_type=\"image.default\">\n\t\t\t\t<div class=\"elementor-widget-container\">\n\t\t\t\t\t\t\t\t\t\t\t\t\t<img decoding=\"async\" width=\"900\" height=\"900\" src=\"https:\/\/cnaweld.com\/wp-content\/uploads\/2024\/06\/0-1.webp\" class=\"attachment-large size-large wp-image-7987\" alt=\"CNAWELD WIG-Schwei\u00dfbrenner\" srcset=\"https:\/\/cnaweld.com\/wp-content\/uploads\/2024\/06\/0-1.webp 900w, https:\/\/cnaweld.com\/wp-content\/uploads\/2024\/06\/0-1-300x300.webp 300w, https:\/\/cnaweld.com\/wp-content\/uploads\/2024\/06\/0-1-150x150.webp 150w, https:\/\/cnaweld.com\/wp-content\/uploads\/2024\/06\/0-1-768x768.webp 768w, https:\/\/cnaweld.com\/wp-content\/uploads\/2024\/06\/0-1-12x12.webp 12w\" sizes=\"(max-width: 900px) 100vw, 900px\" \/>\t\t\t\t\t\t\t\t\t\t\t\t\t<\/div>\n\t\t\t\t<\/div>\n\t\t\t\t<\/div>\n\t\t\t\t<\/div>\n\t\t\t\t<\/div>\n\t\t\t\t<\/div>","protected":false},"excerpt":{"rendered":"<p>Hot Wire TIG Torch The Hot Wire TIG Torch is an advanced welding tool designed &hellip;<\/p>\n<p class=\"read-more\"> <a class=\"\" href=\"https:\/\/cnaweld.com\/de\/produkte\/tig\/wig-3\/\"> <span class=\"screen-reader-text\">Hei\u00dfdraht-WIG-Schwei\u00dfbrenner<\/span> Mehr lesen &quot;<\/a><\/p>","protected":false},"author":2,"featured_media":0,"parent":3154,"menu_order":0,"comment_status":"closed","ping_status":"closed","template":"","meta":{"_uag_custom_page_level_css":"","site-sidebar-layout":"default","site-content-layout":"page-builder","ast-global-header-display":"","ast-banner-title-visibility":"","ast-main-header-display":"","ast-hfb-above-header-display":"","ast-hfb-below-header-display":"","ast-hfb-mobile-header-display":"","site-post-title":"disabled","ast-breadcrumbs-content":"","ast-featured-img":"","footer-sml-layout":"","theme-transparent-header-meta":"default","adv-header-id-meta":"","stick-header-meta":"","header-above-stick-meta":"","header-main-stick-meta":"","header-below-stick-meta":"","footnotes":""},"class_list":["post-3524","page","type-page","status-publish","hentry"],"uagb_featured_image_src":{"full":false,"thumbnail":false,"medium":false,"medium_large":false,"large":false,"1536x1536":false,"2048x2048":false,"trp-custom-language-flag":false},"uagb_author_info":{"display_name":"china","author_link":"https:\/\/cnaweld.com\/de\/author\/china\/"},"uagb_comment_info":0,"uagb_excerpt":"Hot Wire TIG Torch The Hot Wire TIG Torch is an advanced welding tool designed &hellip; Hot Wire TIG Welding Torch Read More \u00bb","_links":{"self":[{"href":"https:\/\/cnaweld.com\/de\/wp-json\/wp\/v2\/pages\/3524","targetHints":{"allow":["GET"]}}],"collection":[{"href":"https:\/\/cnaweld.com\/de\/wp-json\/wp\/v2\/pages"}],"about":[{"href":"https:\/\/cnaweld.com\/de\/wp-json\/wp\/v2\/types\/page"}],"author":[{"embeddable":true,"href":"https:\/\/cnaweld.com\/de\/wp-json\/wp\/v2\/users\/2"}],"replies":[{"embeddable":true,"href":"https:\/\/cnaweld.com\/de\/wp-json\/wp\/v2\/comments?post=3524"}],"version-history":[{"count":70,"href":"https:\/\/cnaweld.com\/de\/wp-json\/wp\/v2\/pages\/3524\/revisions"}],"predecessor-version":[{"id":7990,"href":"https:\/\/cnaweld.com\/de\/wp-json\/wp\/v2\/pages\/3524\/revisions\/7990"}],"up":[{"embeddable":true,"href":"https:\/\/cnaweld.com\/de\/wp-json\/wp\/v2\/pages\/3154"}],"wp:attachment":[{"href":"https:\/\/cnaweld.com\/de\/wp-json\/wp\/v2\/media?parent=3524"}],"curies":[{"name":"wp","href":"https:\/\/api.w.org\/{rel}","templated":true}]}}