{"id":3185,"date":"2023-08-28T14:07:02","date_gmt":"2023-08-28T06:07:02","guid":{"rendered":"https:\/\/cnaweld.com\/?page_id=3185"},"modified":"2024-06-11T11:21:03","modified_gmt":"2024-06-11T03:21:03","slug":"plasma","status":"publish","type":"page","link":"https:\/\/cnaweld.com\/es\/productos\/plama\/","title":{"rendered":"Plasma"},"content":{"rendered":"<div data-elementor-type=\"wp-page\" data-elementor-id=\"3185\" class=\"elementor elementor-3185\" data-elementor-post-type=\"page\">\n\t\t\t\t<div class=\"elementor-element elementor-element-b264d15 e-con-full e-flex e-con e-parent\" data-id=\"b264d15\" data-element_type=\"container\" data-settings=\"{&quot;content_width&quot;:&quot;full&quot;,&quot;background_background&quot;:&quot;classic&quot;,&quot;container_type&quot;:&quot;flex&quot;}\" data-e-bg-lazyload=\"\" data-core-v316-plus=\"true\">\n\t\t<div class=\"elementor-element elementor-element-9304d58 e-con-full e-flex e-con e-child\" data-id=\"9304d58\" data-element_type=\"container\" data-settings=\"{&quot;content_width&quot;:&quot;full&quot;,&quot;container_type&quot;:&quot;flex&quot;}\">\n\t\t\t\t<div class=\"elementor-element elementor-element-bf20447 elementor-widget elementor-widget-image\" data-id=\"bf20447\" data-element_type=\"widget\" data-widget_type=\"image.default\">\n\t\t\t\t<div class=\"elementor-widget-container\">\n\t\t\t<style>\/*! elementor - v3.19.0 - 28-02-2024 *\/\n.elementor-widget-image{text-align:center}.elementor-widget-image a{display:inline-block}.elementor-widget-image a img[src$=\".svg\"]{width:48px}.elementor-widget-image img{vertical-align:middle;display:inline-block}<\/style>\t\t\t\t\t\t\t\t\t\t<img fetchpriority=\"high\" decoding=\"async\" width=\"668\" height=\"1024\" src=\"https:\/\/cnaweld.com\/wp-content\/uploads\/2024\/06\/\u6d77\u5b9d-e1693451918645-668x1024.webp\" class=\"attachment-large size-large wp-image-7908\" alt=\"Plasma CNAWELD PMX\/LC\" srcset=\"https:\/\/cnaweld.com\/wp-content\/uploads\/2024\/06\/\u6d77\u5b9d-e1693451918645-668x1024.webp 668w, https:\/\/cnaweld.com\/wp-content\/uploads\/2024\/06\/\u6d77\u5b9d-e1693451918645-196x300.webp 196w, https:\/\/cnaweld.com\/wp-content\/uploads\/2024\/06\/\u6d77\u5b9d-e1693451918645-768x1177.webp 768w, https:\/\/cnaweld.com\/wp-content\/uploads\/2024\/06\/\u6d77\u5b9d-e1693451918645-1002x1536.webp 1002w, https:\/\/cnaweld.com\/wp-content\/uploads\/2024\/06\/\u6d77\u5b9d-e1693451918645-1336x2048.webp 1336w, https:\/\/cnaweld.com\/wp-content\/uploads\/2024\/06\/\u6d77\u5b9d-e1693451918645-8x12.webp 8w, https:\/\/cnaweld.com\/wp-content\/uploads\/2024\/06\/\u6d77\u5b9d-e1693451918645.webp 1664w\" sizes=\"(max-width: 668px) 100vw, 668px\" \/>\t\t\t\t\t\t\t\t\t\t\t\t\t<\/div>\n\t\t\t\t<\/div>\n\t\t\t\t<\/div>\n\t\t<div class=\"elementor-element elementor-element-3658702 e-con-full e-flex e-con e-child\" data-id=\"3658702\" data-element_type=\"container\" data-settings=\"{&quot;content_width&quot;:&quot;full&quot;,&quot;container_type&quot;:&quot;flex&quot;}\">\n\t\t<div class=\"elementor-element elementor-element-9071be3 e-con-full e-flex e-con e-child\" data-id=\"9071be3\" data-element_type=\"container\" data-settings=\"{&quot;content_width&quot;:&quot;full&quot;,&quot;container_type&quot;:&quot;flex&quot;}\">\n\t\t\t\t<div class=\"elementor-element elementor-element-038b274 elementor-widget elementor-widget-heading\" data-id=\"038b274\" data-element_type=\"widget\" data-widget_type=\"heading.default\">\n\t\t\t\t<div class=\"elementor-widget-container\">\n\t\t\t<style>\/*! elementor - v3.19.0 - 28-02-2024 *\/\n.elementor-heading-title{padding:0;margin:0;line-height:1}.elementor-widget-heading .elementor-heading-title[class*=elementor-size-]>a{color:inherit;font-size:inherit;line-height:inherit}.elementor-widget-heading .elementor-heading-title.elementor-size-small{font-size:15px}.elementor-widget-heading .elementor-heading-title.elementor-size-medium{font-size:19px}.elementor-widget-heading .elementor-heading-title.elementor-size-large{font-size:29px}.elementor-widget-heading .elementor-heading-title.elementor-size-xl{font-size:39px}.elementor-widget-heading .elementor-heading-title.elementor-size-xxl{font-size:59px}<\/style><h2 class=\"elementor-heading-title elementor-size-default\">Serie de plasma PMX\/LC<\/h2>\t\t<\/div>\n\t\t\t\t<\/div>\n\t\t\t\t<div class=\"elementor-element elementor-element-66a461e elementor-widget__width-initial elementor-widget elementor-widget-text-editor\" data-id=\"66a461e\" data-element_type=\"widget\" data-widget_type=\"text-editor.default\">\n\t\t\t\t<div class=\"elementor-widget-container\">\n\t\t\t<style>\/*! elementor - v3.19.0 - 28-02-2024 *\/\n.elementor-widget-text-editor.elementor-drop-cap-view-stacked .elementor-drop-cap{background-color:#69727d;color:#fff}.elementor-widget-text-editor.elementor-drop-cap-view-framed .elementor-drop-cap{color:#69727d;border:3px solid;background-color:transparent}.elementor-widget-text-editor:not(.elementor-drop-cap-view-default) .elementor-drop-cap{margin-top:8px}.elementor-widget-text-editor:not(.elementor-drop-cap-view-default) .elementor-drop-cap-letter{width:1em;height:1em}.elementor-widget-text-editor .elementor-drop-cap{float:left;text-align:center;line-height:1;font-size:50px}.elementor-widget-text-editor .elementor-drop-cap-letter{display:inline-block}<\/style>\t\t\t\t<p>La antorcha de corte por plasma PMX\/LC de mano CNAWELD presenta una combinaci\u00f3n de dise\u00f1o contempor\u00e1neo y funcionalidad de vanguardia, dise\u00f1ada para sobresalir en el campo del corte por plasma. Dise\u00f1ada para ofrecer precisi\u00f3n y eficiencia, esta antorcha de \u00faltima generaci\u00f3n representa la c\u00faspide de la experiencia de CNAWELD.<\/p><p>Al priorizar la excelencia ergon\u00f3mica, la antorcha de corte por plasma port\u00e1til CNAWELD PMX\/LC garantiza comodidad y control \u00f3ptimos durante las operaciones de corte. Su distribuci\u00f3n de peso bien equilibrada contribuye a una maniobrabilidad perfecta, lo que permite cortes precisos con un esfuerzo m\u00ednimo.<\/p>\t\t\t\t\t\t<\/div>\n\t\t\t\t<\/div>\n\t\t\t\t<div class=\"elementor-element elementor-element-d3ef6f6 elementor-mobile-align-center elementor-widget elementor-widget-button\" data-id=\"d3ef6f6\" data-element_type=\"widget\" data-widget_type=\"button.default\">\n\t\t\t\t<div class=\"elementor-widget-container\">\n\t\t\t\t\t<div class=\"elementor-button-wrapper\">\n\t\t\t<a class=\"elementor-button elementor-button-link elementor-size-sm elementor-animation-shrink\" href=\"https:\/\/cnaweld.com\/es\/productos\/plama\/corte-por-plasma\/\">\n\t\t\t\t\t\t<span class=\"elementor-button-content-wrapper\">\n\t\t\t\t\t\t<span class=\"elementor-button-text\">Saber m\u00e1s<\/span>\n\t\t<\/span>\n\t\t\t\t\t<\/a>\n\t\t<\/div>\n\t\t\t\t<\/div>\n\t\t\t\t<\/div>\n\t\t\t\t<\/div>\n\t\t\t\t<\/div>\n\t\t\t\t<\/div>\n\t\t<div class=\"elementor-element elementor-element-19a4df6 e-con-full e-flex e-con e-parent\" data-id=\"19a4df6\" data-element_type=\"container\" data-settings=\"{&quot;content_width&quot;:&quot;full&quot;,&quot;background_background&quot;:&quot;classic&quot;,&quot;container_type&quot;:&quot;flex&quot;}\" data-core-v316-plus=\"true\">\n\t\t<div class=\"elementor-element elementor-element-63009a8 e-con-full e-flex e-con e-child\" data-id=\"63009a8\" data-element_type=\"container\" data-settings=\"{&quot;content_width&quot;:&quot;full&quot;,&quot;background_background&quot;:&quot;classic&quot;,&quot;container_type&quot;:&quot;flex&quot;}\">\n\t\t<div class=\"elementor-element elementor-element-b96b2dc e-con-full e-flex e-con e-child\" data-id=\"b96b2dc\" data-element_type=\"container\" data-settings=\"{&quot;content_width&quot;:&quot;full&quot;,&quot;container_type&quot;:&quot;flex&quot;}\">\n\t\t<div class=\"elementor-element elementor-element-92566eb e-flex e-con-boxed e-con e-child\" data-id=\"92566eb\" data-element_type=\"container\" data-settings=\"{&quot;container_type&quot;:&quot;flex&quot;,&quot;content_width&quot;:&quot;boxed&quot;}\">\n\t\t\t\t\t<div class=\"e-con-inner\">\n\t\t\t\t<div class=\"elementor-element elementor-element-9d2ca68 elementor-widget elementor-widget-heading\" data-id=\"9d2ca68\" data-element_type=\"widget\" data-widget_type=\"heading.default\">\n\t\t\t\t<div class=\"elementor-widget-container\">\n\t\t\t<h2 class=\"elementor-heading-title elementor-size-default\">Cortador de plasma sin alta frecuencia<\/h2>\t\t<\/div>\n\t\t\t\t<\/div>\n\t\t\t\t<div class=\"elementor-element elementor-element-35110a2 elementor-widget__width-initial elementor-widget elementor-widget-text-editor\" data-id=\"35110a2\" data-element_type=\"widget\" data-widget_type=\"text-editor.default\">\n\t\t\t\t<div class=\"elementor-widget-container\">\n\t\t\t\t\t\t\t<p>El soplete de corte de alta frecuencia CNAWELD representa una s\u00edntesis de dise\u00f1o contempor\u00e1neo y funcionalidad de vanguardia, meticulosamente dise\u00f1ado para sobresalir en el \u00e1mbito de las aplicaciones de corte. Dise\u00f1ada para ofrecer precisi\u00f3n y eficiencia, esta antorcha de vanguardia representa el ep\u00edtome de la experiencia de CNAWELD.<\/p><p>Con un enfoque inquebrantable en la excelencia ergon\u00f3mica, el soplete de corte sin alta frecuencia CNAWELD garantiza comodidad y control \u00f3ptimos durante las operaciones de corte. Su distribuci\u00f3n de peso meticulosamente equilibrada contribuye a una maniobrabilidad perfecta, lo que permite realizar cortes precisos con un esfuerzo f\u00edsico m\u00ednimo.<\/p>\t\t\t\t\t\t<\/div>\n\t\t\t\t<\/div>\n\t\t\t\t<div class=\"elementor-element elementor-element-7b0e99a elementor-mobile-align-center elementor-widget elementor-widget-button\" data-id=\"7b0e99a\" data-element_type=\"widget\" data-widget_type=\"button.default\">\n\t\t\t\t<div class=\"elementor-widget-container\">\n\t\t\t\t\t<div class=\"elementor-button-wrapper\">\n\t\t\t<a class=\"elementor-button elementor-button-link elementor-size-sm elementor-animation-shrink\" href=\"https:\/\/cnaweld.com\/es\/productos\/plama\/plasma-2-2-2\/\">\n\t\t\t\t\t\t<span class=\"elementor-button-content-wrapper\">\n\t\t\t\t\t\t<span class=\"elementor-button-text\">Saber m\u00e1s<\/span>\n\t\t<\/span>\n\t\t\t\t\t<\/a>\n\t\t<\/div>\n\t\t\t\t<\/div>\n\t\t\t\t<\/div>\n\t\t\t\t\t<\/div>\n\t\t\t\t<\/div>\n\t\t\t\t<\/div>\n\t\t<div class=\"elementor-element elementor-element-1fd030a e-flex e-con-boxed e-con e-child\" data-id=\"1fd030a\" data-element_type=\"container\" data-settings=\"{&quot;container_type&quot;:&quot;flex&quot;,&quot;content_width&quot;:&quot;boxed&quot;}\">\n\t\t\t\t\t<div class=\"e-con-inner\">\n\t\t\t\t<div class=\"elementor-element elementor-element-e791630 elementor-widget elementor-widget-image\" data-id=\"e791630\" data-element_type=\"widget\" data-widget_type=\"image.default\">\n\t\t\t\t<div class=\"elementor-widget-container\">\n\t\t\t\t\t\t\t\t\t\t\t\t\t<img decoding=\"async\" width=\"668\" height=\"1024\" src=\"https:\/\/cnaweld.com\/wp-content\/uploads\/2024\/06\/PT80-668x1024.webp\" class=\"attachment-large size-large wp-image-7913\" alt=\"Antorcha de corte por plasma CNAWELD PT80\" srcset=\"https:\/\/cnaweld.com\/wp-content\/uploads\/2024\/06\/PT80-668x1024.webp 668w, https:\/\/cnaweld.com\/wp-content\/uploads\/2024\/06\/PT80-196x300.webp 196w, https:\/\/cnaweld.com\/wp-content\/uploads\/2024\/06\/PT80-768x1177.webp 768w, https:\/\/cnaweld.com\/wp-content\/uploads\/2024\/06\/PT80-1002x1536.webp 1002w, https:\/\/cnaweld.com\/wp-content\/uploads\/2024\/06\/PT80-1336x2048.webp 1336w, https:\/\/cnaweld.com\/wp-content\/uploads\/2024\/06\/PT80-8x12.webp 8w, https:\/\/cnaweld.com\/wp-content\/uploads\/2024\/06\/PT80.webp 1664w\" sizes=\"(max-width: 668px) 100vw, 668px\" \/>\t\t\t\t\t\t\t\t\t\t\t\t\t<\/div>\n\t\t\t\t<\/div>\n\t\t\t\t\t<\/div>\n\t\t\t\t<\/div>\n\t\t\t\t<\/div>\n\t\t\t\t<\/div>\n\t\t<div class=\"elementor-element elementor-element-4f35c18 e-con-full e-flex e-con e-parent\" data-id=\"4f35c18\" data-element_type=\"container\" data-settings=\"{&quot;content_width&quot;:&quot;full&quot;,&quot;background_background&quot;:&quot;classic&quot;,&quot;container_type&quot;:&quot;flex&quot;}\" data-e-bg-lazyload=\"\" data-core-v316-plus=\"true\">\n\t\t<div class=\"elementor-element elementor-element-22b13c1 e-con-full e-flex e-con e-child\" data-id=\"22b13c1\" data-element_type=\"container\" data-settings=\"{&quot;content_width&quot;:&quot;full&quot;,&quot;container_type&quot;:&quot;flex&quot;}\">\n\t\t\t\t<div class=\"elementor-element elementor-element-6028081 elementor-widget elementor-widget-image\" data-id=\"6028081\" data-element_type=\"widget\" data-widget_type=\"image.default\">\n\t\t\t\t<div class=\"elementor-widget-container\">\n\t\t\t\t\t\t\t\t\t\t\t\t\t<img decoding=\"async\" width=\"668\" height=\"1024\" src=\"https:\/\/cnaweld.com\/wp-content\/uploads\/2024\/06\/P80-e1693452107352-668x1024.webp\" class=\"attachment-large size-large wp-image-7915\" alt=\"Antorcha de corte por plasma CNAWELD P80\" srcset=\"https:\/\/cnaweld.com\/wp-content\/uploads\/2024\/06\/P80-e1693452107352-668x1024.webp 668w, https:\/\/cnaweld.com\/wp-content\/uploads\/2024\/06\/P80-e1693452107352-196x300.webp 196w, https:\/\/cnaweld.com\/wp-content\/uploads\/2024\/06\/P80-e1693452107352-768x1177.webp 768w, https:\/\/cnaweld.com\/wp-content\/uploads\/2024\/06\/P80-e1693452107352-1002x1536.webp 1002w, https:\/\/cnaweld.com\/wp-content\/uploads\/2024\/06\/P80-e1693452107352-1336x2048.webp 1336w, https:\/\/cnaweld.com\/wp-content\/uploads\/2024\/06\/P80-e1693452107352-8x12.webp 8w, https:\/\/cnaweld.com\/wp-content\/uploads\/2024\/06\/P80-e1693452107352.webp 1664w\" sizes=\"(max-width: 668px) 100vw, 668px\" \/>\t\t\t\t\t\t\t\t\t\t\t\t\t<\/div>\n\t\t\t\t<\/div>\n\t\t\t\t<\/div>\n\t\t<div class=\"elementor-element elementor-element-cbfb411 e-con-full e-flex e-con e-child\" data-id=\"cbfb411\" data-element_type=\"container\" data-settings=\"{&quot;content_width&quot;:&quot;full&quot;,&quot;container_type&quot;:&quot;flex&quot;}\">\n\t\t<div class=\"elementor-element elementor-element-0b41574 e-con-full e-flex e-con e-child\" data-id=\"0b41574\" data-element_type=\"container\" data-settings=\"{&quot;content_width&quot;:&quot;full&quot;,&quot;container_type&quot;:&quot;flex&quot;}\">\n\t\t\t\t<div class=\"elementor-element elementor-element-9c2e1af elementor-widget elementor-widget-heading\" data-id=\"9c2e1af\" data-element_type=\"widget\" data-widget_type=\"heading.default\">\n\t\t\t\t<div class=\"elementor-widget-container\">\n\t\t\t<h2 class=\"elementor-heading-title elementor-size-default\">Plasma de alta frecuencia<\/h2>\t\t<\/div>\n\t\t\t\t<\/div>\n\t\t\t\t<div class=\"elementor-element elementor-element-309eebb elementor-widget__width-initial elementor-widget elementor-widget-text-editor\" data-id=\"309eebb\" data-element_type=\"widget\" data-widget_type=\"text-editor.default\">\n\t\t\t\t<div class=\"elementor-widget-container\">\n\t\t\t\t\t\t\t<p>El soplete de corte de alta frecuencia CNAWELD representa el pin\u00e1culo del dise\u00f1o moderno y la funcionalidad de vanguardia, meticulosamente dise\u00f1ado para sobresalir en una multitud de aplicaciones de corte. Construida para ofrecer precisi\u00f3n y eficiencia impecables, esta antorcha de vanguardia personifica la culminaci\u00f3n de la experiencia de CNAWELD.<\/p><p>El soplete de corte de alta frecuencia CNAWELD, que eleva la excelencia ergon\u00f3mica a un primer plano, garantiza comodidad y control \u00f3ptimos durante operaciones de corte complejas. Su distribuci\u00f3n de peso meticulosamente equilibrada mejora la maniobrabilidad, permitiendo cortes meticulosos con un m\u00ednimo esfuerzo f\u00edsico.<\/p>\t\t\t\t\t\t<\/div>\n\t\t\t\t<\/div>\n\t\t\t\t<div class=\"elementor-element elementor-element-7b642cb elementor-mobile-align-center elementor-widget elementor-widget-button\" data-id=\"7b642cb\" data-element_type=\"widget\" data-widget_type=\"button.default\">\n\t\t\t\t<div class=\"elementor-widget-container\">\n\t\t\t\t\t<div class=\"elementor-button-wrapper\">\n\t\t\t<a class=\"elementor-button elementor-button-link elementor-size-sm elementor-animation-shrink\" href=\"https:\/\/cnaweld.com\/es\/productos\/plama\/plasma-3\/\">\n\t\t\t\t\t\t<span class=\"elementor-button-content-wrapper\">\n\t\t\t\t\t\t<span class=\"elementor-button-text\">Saber m\u00e1s<\/span>\n\t\t<\/span>\n\t\t\t\t\t<\/a>\n\t\t<\/div>\n\t\t\t\t<\/div>\n\t\t\t\t<\/div>\n\t\t\t\t<\/div>\n\t\t\t\t<\/div>\n\t\t\t\t<\/div>\n\t\t\t\t<\/div>","protected":false},"excerpt":{"rendered":"<p>PMX\/LC Plasma Series The CNAWELD Handheld PMX\/LC Plasma Cutting Torch showcases a blend of contemporary &hellip;<\/p>\n<p class=\"read-more\"> <a class=\"\" href=\"https:\/\/cnaweld.com\/es\/productos\/plama\/\"> <span class=\"screen-reader-text\">Plasma<\/span> Leer m\u00e1s \u00bb<\/a><\/p>","protected":false},"author":2,"featured_media":0,"parent":879,"menu_order":0,"comment_status":"closed","ping_status":"closed","template":"","meta":{"_uag_custom_page_level_css":"","site-sidebar-layout":"no-sidebar","site-content-layout":"page-builder","ast-global-header-display":"","ast-banner-title-visibility":"","ast-main-header-display":"","ast-hfb-above-header-display":"","ast-hfb-below-header-display":"","ast-hfb-mobile-header-display":"","site-post-title":"disabled","ast-breadcrumbs-content":"","ast-featured-img":"disabled","footer-sml-layout":"","theme-transparent-header-meta":"","adv-header-id-meta":"","stick-header-meta":"","header-above-stick-meta":"","header-main-stick-meta":"","header-below-stick-meta":"","footnotes":""},"class_list":["post-3185","page","type-page","status-publish","hentry"],"uagb_featured_image_src":{"full":false,"thumbnail":false,"medium":false,"medium_large":false,"large":false,"1536x1536":false,"2048x2048":false,"trp-custom-language-flag":false},"uagb_author_info":{"display_name":"china","author_link":"https:\/\/cnaweld.com\/es\/author\/china\/"},"uagb_comment_info":0,"uagb_excerpt":"PMX\/LC Plasma Series The CNAWELD Handheld PMX\/LC Plasma Cutting Torch showcases a blend of contemporary &hellip; Plasma Leer m\u00e1s \u00bb","_links":{"self":[{"href":"https:\/\/cnaweld.com\/es\/wp-json\/wp\/v2\/pages\/3185","targetHints":{"allow":["GET"]}}],"collection":[{"href":"https:\/\/cnaweld.com\/es\/wp-json\/wp\/v2\/pages"}],"about":[{"href":"https:\/\/cnaweld.com\/es\/wp-json\/wp\/v2\/types\/page"}],"author":[{"embeddable":true,"href":"https:\/\/cnaweld.com\/es\/wp-json\/wp\/v2\/users\/2"}],"replies":[{"embeddable":true,"href":"https:\/\/cnaweld.com\/es\/wp-json\/wp\/v2\/comments?post=3185"}],"version-history":[{"count":78,"href":"https:\/\/cnaweld.com\/es\/wp-json\/wp\/v2\/pages\/3185\/revisions"}],"predecessor-version":[{"id":7918,"href":"https:\/\/cnaweld.com\/es\/wp-json\/wp\/v2\/pages\/3185\/revisions\/7918"}],"up":[{"embeddable":true,"href":"https:\/\/cnaweld.com\/es\/wp-json\/wp\/v2\/pages\/879"}],"wp:attachment":[{"href":"https:\/\/cnaweld.com\/es\/wp-json\/wp\/v2\/media?parent=3185"}],"curies":[{"name":"wp","href":"https:\/\/api.w.org\/{rel}","templated":true}]}}