{"id":3198,"date":"2023-08-28T14:18:30","date_gmt":"2023-08-28T06:18:30","guid":{"rendered":"https:\/\/cnaweld.com\/?page_id=3198"},"modified":"2024-06-11T12:35:27","modified_gmt":"2024-06-11T04:35:27","slug":"robot","status":"publish","type":"page","link":"https:\/\/cnaweld.com\/es\/productos\/robot\/","title":{"rendered":"Robot"},"content":{"rendered":"<div data-elementor-type=\"wp-page\" data-elementor-id=\"3198\" class=\"elementor elementor-3198\" data-elementor-post-type=\"page\">\n\t\t\t\t<div class=\"elementor-element elementor-element-69bcdaa e-con-full e-flex e-con e-parent\" data-id=\"69bcdaa\" data-element_type=\"container\" data-settings=\"{&quot;content_width&quot;:&quot;full&quot;,&quot;background_background&quot;:&quot;classic&quot;,&quot;container_type&quot;:&quot;flex&quot;}\" data-e-bg-lazyload=\"\" data-core-v316-plus=\"true\">\n\t\t<div class=\"elementor-element elementor-element-ba6ba22 e-con-full e-flex e-con e-child\" data-id=\"ba6ba22\" data-element_type=\"container\" data-settings=\"{&quot;content_width&quot;:&quot;full&quot;,&quot;container_type&quot;:&quot;flex&quot;}\">\n\t\t\t\t<div class=\"elementor-element elementor-element-32f7567 elementor-widget__width-initial elementor-widget-mobile__width-initial elementor-widget elementor-widget-image\" data-id=\"32f7567\" data-element_type=\"widget\" data-settings=\"{&quot;_animation&quot;:&quot;none&quot;}\" data-widget_type=\"image.default\">\n\t\t\t\t<div class=\"elementor-widget-container\">\n\t\t\t<style>\/*! elementor - v3.19.0 - 28-02-2024 *\/\n.elementor-widget-image{text-align:center}.elementor-widget-image a{display:inline-block}.elementor-widget-image a img[src$=\".svg\"]{width:48px}.elementor-widget-image img{vertical-align:middle;display:inline-block}<\/style>\t\t\t\t\t\t\t\t\t\t<img fetchpriority=\"high\" decoding=\"async\" width=\"668\" height=\"1024\" src=\"https:\/\/cnaweld.com\/wp-content\/uploads\/2024\/06\/501d\u76f4\u67c4-e1693468218619-668x1024.webp\" class=\"attachment-large size-large wp-image-7919\" alt=\"cnaweld 501d\" srcset=\"https:\/\/cnaweld.com\/wp-content\/uploads\/2024\/06\/501d\u76f4\u67c4-e1693468218619-668x1024.webp 668w, https:\/\/cnaweld.com\/wp-content\/uploads\/2024\/06\/501d\u76f4\u67c4-e1693468218619-196x300.webp 196w, https:\/\/cnaweld.com\/wp-content\/uploads\/2024\/06\/501d\u76f4\u67c4-e1693468218619-768x1177.webp 768w, https:\/\/cnaweld.com\/wp-content\/uploads\/2024\/06\/501d\u76f4\u67c4-e1693468218619-1002x1536.webp 1002w, https:\/\/cnaweld.com\/wp-content\/uploads\/2024\/06\/501d\u76f4\u67c4-e1693468218619-1336x2048.webp 1336w, https:\/\/cnaweld.com\/wp-content\/uploads\/2024\/06\/501d\u76f4\u67c4-e1693468218619-8x12.webp 8w, https:\/\/cnaweld.com\/wp-content\/uploads\/2024\/06\/501d\u76f4\u67c4-e1693468218619.webp 1664w\" sizes=\"(max-width: 668px) 100vw, 668px\" \/>\t\t\t\t\t\t\t\t\t\t\t\t\t<\/div>\n\t\t\t\t<\/div>\n\t\t\t\t<\/div>\n\t\t<div class=\"elementor-element elementor-element-4b83dd3 e-con-full e-flex e-con e-child\" data-id=\"4b83dd3\" data-element_type=\"container\" data-settings=\"{&quot;content_width&quot;:&quot;full&quot;,&quot;container_type&quot;:&quot;flex&quot;}\">\n\t\t\t\t<div class=\"elementor-element elementor-element-a3ee1cc elementor-widget elementor-widget-heading\" data-id=\"a3ee1cc\" data-element_type=\"widget\" data-widget_type=\"heading.default\">\n\t\t\t\t<div class=\"elementor-widget-container\">\n\t\t\t<style>\/*! elementor - v3.19.0 - 28-02-2024 *\/\n.elementor-heading-title{padding:0;margin:0;line-height:1}.elementor-widget-heading .elementor-heading-title[class*=elementor-size-]>a{color:inherit;font-size:inherit;line-height:inherit}.elementor-widget-heading .elementor-heading-title.elementor-size-small{font-size:15px}.elementor-widget-heading .elementor-heading-title.elementor-size-medium{font-size:19px}.elementor-widget-heading .elementor-heading-title.elementor-size-large{font-size:29px}.elementor-widget-heading .elementor-heading-title.elementor-size-xl{font-size:39px}.elementor-widget-heading .elementor-heading-title.elementor-size-xxl{font-size:59px}<\/style><h2 class=\"elementor-heading-title elementor-size-default\">Antorcha de soldadura rob\u00f3tica<\/h2>\t\t<\/div>\n\t\t\t\t<\/div>\n\t\t\t\t<div class=\"elementor-element elementor-element-e409971 elementor-widget__width-initial elementor-widget elementor-widget-text-editor\" data-id=\"e409971\" data-element_type=\"widget\" data-widget_type=\"text-editor.default\">\n\t\t\t\t<div class=\"elementor-widget-container\">\n\t\t\t<style>\/*! elementor - v3.19.0 - 28-02-2024 *\/\n.elementor-widget-text-editor.elementor-drop-cap-view-stacked .elementor-drop-cap{background-color:#69727d;color:#fff}.elementor-widget-text-editor.elementor-drop-cap-view-framed .elementor-drop-cap{color:#69727d;border:3px solid;background-color:transparent}.elementor-widget-text-editor:not(.elementor-drop-cap-view-default) .elementor-drop-cap{margin-top:8px}.elementor-widget-text-editor:not(.elementor-drop-cap-view-default) .elementor-drop-cap-letter{width:1em;height:1em}.elementor-widget-text-editor .elementor-drop-cap{float:left;text-align:center;line-height:1;font-size:50px}.elementor-widget-text-editor .elementor-drop-cap-letter{display:inline-block}<\/style>\t\t\t\t<p>La antorcha de soldadura MIG rob\u00f3tica CNAWELD es un pin\u00e1culo de innovaci\u00f3n y funcionalidad, dise\u00f1ada espec\u00edficamente para aplicaciones de soldadura MIG automatizada. Dise\u00f1ado para ofrecer precisi\u00f3n y eficiencia excepcionales, este soplete de soldadura de vanguardia encarna el ep\u00edtome de la experiencia de CNAWELD.<\/p><p>Construida con un fuerte enfoque en la excelencia ergon\u00f3mica, la antorcha de soldadura MIG rob\u00f3tica CNAWELD garantiza comodidad y control \u00f3ptimos durante todo el proceso de soldadura. Su distribuci\u00f3n de peso meticulosamente equilibrada contribuye a una maniobrabilidad perfecta, lo que da como resultado soldaduras precisas con un m\u00ednimo esfuerzo del operador.<\/p>\t\t\t\t\t\t<\/div>\n\t\t\t\t<\/div>\n\t\t\t\t<div class=\"elementor-element elementor-element-9b6852d elementor-mobile-align-center elementor-widget elementor-widget-button\" data-id=\"9b6852d\" data-element_type=\"widget\" data-widget_type=\"button.default\">\n\t\t\t\t<div class=\"elementor-widget-container\">\n\t\t\t\t\t<div class=\"elementor-button-wrapper\">\n\t\t\t<a class=\"elementor-button elementor-button-link elementor-size-sm elementor-animation-shrink\" href=\"https:\/\/cnaweld.com\/es\/productos\/robot\/robot-1\/\">\n\t\t\t\t\t\t<span class=\"elementor-button-content-wrapper\">\n\t\t\t\t\t\t<span class=\"elementor-button-text\">Saber m\u00e1s<\/span>\n\t\t<\/span>\n\t\t\t\t\t<\/a>\n\t\t<\/div>\n\t\t\t\t<\/div>\n\t\t\t\t<\/div>\n\t\t\t\t<\/div>\n\t\t\t\t<\/div>\n\t\t<div class=\"elementor-element elementor-element-d3408b0 e-con-full e-flex e-con e-parent\" data-id=\"d3408b0\" data-element_type=\"container\" data-settings=\"{&quot;content_width&quot;:&quot;full&quot;,&quot;background_background&quot;:&quot;classic&quot;,&quot;container_type&quot;:&quot;flex&quot;}\" data-core-v316-plus=\"true\">\n\t\t<div class=\"elementor-element elementor-element-5ddd6b4 e-con-full e-flex e-con e-child\" data-id=\"5ddd6b4\" data-element_type=\"container\" data-settings=\"{&quot;content_width&quot;:&quot;full&quot;,&quot;container_type&quot;:&quot;flex&quot;}\">\n\t\t\t\t<div class=\"elementor-element elementor-element-925203c elementor-widget elementor-widget-heading\" data-id=\"925203c\" data-element_type=\"widget\" data-widget_type=\"heading.default\">\n\t\t\t\t<div class=\"elementor-widget-container\">\n\t\t\t<h2 class=\"elementor-heading-title elementor-size-default\">Corte por plasma rob\u00f3tico<\/h2>\t\t<\/div>\n\t\t\t\t<\/div>\n\t\t\t\t<div class=\"elementor-element elementor-element-00e26b9 elementor-widget__width-initial elementor-widget elementor-widget-text-editor\" data-id=\"00e26b9\" data-element_type=\"widget\" data-widget_type=\"text-editor.default\">\n\t\t\t\t<div class=\"elementor-widget-container\">\n\t\t\t\t\t\t\t<p>La antorcha de corte por plasma rob\u00f3tica CNAWELD representa la c\u00faspide del dise\u00f1o moderno y la funcionalidad avanzada, dise\u00f1ada espec\u00edficamente para aplicaciones de corte por plasma automatizadas. Dise\u00f1ado para ofrecer precisi\u00f3n y eficiencia impecables, este soplete de corte de \u00faltima generaci\u00f3n personifica la culminaci\u00f3n de la experiencia de CNAWELD.<\/p><p>Al elevar la excelencia ergon\u00f3mica como prioridad, la antorcha de corte por plasma rob\u00f3tica CNAWELD garantiza comodidad y control \u00f3ptimos durante todo el proceso de corte. Su distribuci\u00f3n de peso cuidadosamente equilibrada mejora la maniobrabilidad, permitiendo cortes precisos con un m\u00ednimo esfuerzo del operador.<\/p>\t\t\t\t\t\t<\/div>\n\t\t\t\t<\/div>\n\t\t\t\t<div class=\"elementor-element elementor-element-1fcf5f3 elementor-mobile-align-center elementor-widget elementor-widget-button\" data-id=\"1fcf5f3\" data-element_type=\"widget\" data-widget_type=\"button.default\">\n\t\t\t\t<div class=\"elementor-widget-container\">\n\t\t\t\t\t<div class=\"elementor-button-wrapper\">\n\t\t\t<a class=\"elementor-button elementor-button-link elementor-size-sm elementor-animation-shrink\" href=\"https:\/\/cnaweld.com\/es\/productos\/robot\/robot-2\/\">\n\t\t\t\t\t\t<span class=\"elementor-button-content-wrapper\">\n\t\t\t\t\t\t<span class=\"elementor-button-text\">Saber m\u00e1s<\/span>\n\t\t<\/span>\n\t\t\t\t\t<\/a>\n\t\t<\/div>\n\t\t\t\t<\/div>\n\t\t\t\t<\/div>\n\t\t\t\t<\/div>\n\t\t<div class=\"elementor-element elementor-element-d495785 e-con-full e-flex e-con e-child\" data-id=\"d495785\" data-element_type=\"container\" data-settings=\"{&quot;content_width&quot;:&quot;full&quot;,&quot;container_type&quot;:&quot;flex&quot;}\">\n\t\t\t\t<div class=\"elementor-element elementor-element-2fcd225 elementor-widget__width-initial elementor-widget-mobile__width-initial elementor-widget elementor-widget-image\" data-id=\"2fcd225\" data-element_type=\"widget\" data-settings=\"{&quot;_animation&quot;:&quot;none&quot;}\" data-widget_type=\"image.default\">\n\t\t\t\t<div class=\"elementor-widget-container\">\n\t\t\t\t\t\t\t\t\t\t\t\t\t<img decoding=\"async\" width=\"668\" height=\"1024\" src=\"https:\/\/cnaweld.com\/wp-content\/uploads\/2024\/06\/PMX125-\u76f4\u67c4-e1693468279737-668x1024.webp\" class=\"attachment-large size-large wp-image-7921\" alt=\"\" srcset=\"https:\/\/cnaweld.com\/wp-content\/uploads\/2024\/06\/PMX125-\u76f4\u67c4-e1693468279737-668x1024.webp 668w, https:\/\/cnaweld.com\/wp-content\/uploads\/2024\/06\/PMX125-\u76f4\u67c4-e1693468279737-196x300.webp 196w, https:\/\/cnaweld.com\/wp-content\/uploads\/2024\/06\/PMX125-\u76f4\u67c4-e1693468279737-768x1177.webp 768w, https:\/\/cnaweld.com\/wp-content\/uploads\/2024\/06\/PMX125-\u76f4\u67c4-e1693468279737-1002x1536.webp 1002w, https:\/\/cnaweld.com\/wp-content\/uploads\/2024\/06\/PMX125-\u76f4\u67c4-e1693468279737-1336x2048.webp 1336w, https:\/\/cnaweld.com\/wp-content\/uploads\/2024\/06\/PMX125-\u76f4\u67c4-e1693468279737-8x12.webp 8w, https:\/\/cnaweld.com\/wp-content\/uploads\/2024\/06\/PMX125-\u76f4\u67c4-e1693468279737.webp 1664w\" sizes=\"(max-width: 668px) 100vw, 668px\">\t\t\t\t\t\t\t\t\t\t\t\t\t<\/div>\n\t\t\t\t<\/div>\n\t\t\t\t<\/div>\n\t\t\t\t<\/div>\n\t\t\t\t<\/div>","protected":false},"excerpt":{"rendered":"<p>Robotic Welding Torch The CNAWELD Robotic MIG Welding Torch stands as a pinnacle of innovation &hellip;<\/p>\n<p class=\"read-more\"> <a class=\"\" href=\"https:\/\/cnaweld.com\/es\/productos\/robot\/\"> <span class=\"screen-reader-text\">Robot<\/span> Leer m\u00e1s \u00bb<\/a><\/p>","protected":false},"author":2,"featured_media":0,"parent":879,"menu_order":0,"comment_status":"closed","ping_status":"closed","template":"","meta":{"_uag_custom_page_level_css":"","site-sidebar-layout":"default","site-content-layout":"page-builder","ast-global-header-display":"","ast-banner-title-visibility":"","ast-main-header-display":"","ast-hfb-above-header-display":"","ast-hfb-below-header-display":"","ast-hfb-mobile-header-display":"","site-post-title":"disabled","ast-breadcrumbs-content":"","ast-featured-img":"disabled","footer-sml-layout":"","theme-transparent-header-meta":"","adv-header-id-meta":"","stick-header-meta":"","header-above-stick-meta":"","header-main-stick-meta":"","header-below-stick-meta":"","footnotes":""},"class_list":["post-3198","page","type-page","status-publish","hentry"],"uagb_featured_image_src":{"full":false,"thumbnail":false,"medium":false,"medium_large":false,"large":false,"1536x1536":false,"2048x2048":false,"trp-custom-language-flag":false},"uagb_author_info":{"display_name":"china","author_link":"https:\/\/cnaweld.com\/es\/author\/china\/"},"uagb_comment_info":0,"uagb_excerpt":"Robotic Welding Torch The CNAWELD Robotic MIG Welding Torch stands as a pinnacle of innovation &hellip; Robot Leer m\u00e1s \u00bb","_links":{"self":[{"href":"https:\/\/cnaweld.com\/es\/wp-json\/wp\/v2\/pages\/3198","targetHints":{"allow":["GET"]}}],"collection":[{"href":"https:\/\/cnaweld.com\/es\/wp-json\/wp\/v2\/pages"}],"about":[{"href":"https:\/\/cnaweld.com\/es\/wp-json\/wp\/v2\/types\/page"}],"author":[{"embeddable":true,"href":"https:\/\/cnaweld.com\/es\/wp-json\/wp\/v2\/users\/2"}],"replies":[{"embeddable":true,"href":"https:\/\/cnaweld.com\/es\/wp-json\/wp\/v2\/comments?post=3198"}],"version-history":[{"count":51,"href":"https:\/\/cnaweld.com\/es\/wp-json\/wp\/v2\/pages\/3198\/revisions"}],"predecessor-version":[{"id":7924,"href":"https:\/\/cnaweld.com\/es\/wp-json\/wp\/v2\/pages\/3198\/revisions\/7924"}],"up":[{"embeddable":true,"href":"https:\/\/cnaweld.com\/es\/wp-json\/wp\/v2\/pages\/879"}],"wp:attachment":[{"href":"https:\/\/cnaweld.com\/es\/wp-json\/wp\/v2\/media?parent=3198"}],"curies":[{"name":"wp","href":"https:\/\/api.w.org\/{rel}","templated":true}]}}