{"id":3211,"date":"2023-08-28T14:22:59","date_gmt":"2023-08-28T06:22:59","guid":{"rendered":"https:\/\/cnaweld.com\/?page_id=3211"},"modified":"2025-04-16T10:45:53","modified_gmt":"2025-04-16T02:45:53","slug":"welding-helmet","status":"publish","type":"page","link":"https:\/\/cnaweld.com\/es\/productos\/seguridad-2\/","title":{"rendered":"CASCO DE SOLDADURA"},"content":{"rendered":"<div data-elementor-type=\"wp-page\" data-elementor-id=\"3211\" class=\"elementor elementor-3211\" data-elementor-post-type=\"page\">\n\t\t\t\t<div class=\"elementor-element elementor-element-b264d15 e-con-full e-flex e-con e-parent\" data-id=\"b264d15\" data-element_type=\"container\" data-settings=\"{&quot;content_width&quot;:&quot;full&quot;,&quot;background_background&quot;:&quot;classic&quot;,&quot;container_type&quot;:&quot;flex&quot;}\" data-e-bg-lazyload=\"\" data-core-v316-plus=\"true\">\n\t\t<div class=\"elementor-element elementor-element-9304d58 e-con-full e-flex e-con e-child\" data-id=\"9304d58\" data-element_type=\"container\" data-settings=\"{&quot;content_width&quot;:&quot;full&quot;,&quot;container_type&quot;:&quot;flex&quot;}\">\n\t\t\t\t<div class=\"elementor-element elementor-element-bf20447 elementor-widget elementor-widget-image\" data-id=\"bf20447\" data-element_type=\"widget\" data-widget_type=\"image.default\">\n\t\t\t\t<div class=\"elementor-widget-container\">\n\t\t\t<style>\/*! elementor - v3.19.0 - 28-02-2024 *\/\n.elementor-widget-image{text-align:center}.elementor-widget-image a{display:inline-block}.elementor-widget-image a img[src$=\".svg\"]{width:48px}.elementor-widget-image img{vertical-align:middle;display:inline-block}<\/style>\t\t\t\t\t\t\t\t\t\t<img fetchpriority=\"high\" decoding=\"async\" width=\"761\" height=\"900\" src=\"https:\/\/cnaweld.com\/wp-content\/uploads\/2024\/06\/3-1.webp\" class=\"attachment-large size-large wp-image-7925\" alt=\"Casco de soldadura CNAWELD\" srcset=\"https:\/\/cnaweld.com\/wp-content\/uploads\/2024\/06\/3-1.webp 761w, https:\/\/cnaweld.com\/wp-content\/uploads\/2024\/06\/3-1-254x300.webp 254w, https:\/\/cnaweld.com\/wp-content\/uploads\/2024\/06\/3-1-10x12.webp 10w\" sizes=\"(max-width: 761px) 100vw, 761px\" \/>\t\t\t\t\t\t\t\t\t\t\t\t\t<\/div>\n\t\t\t\t<\/div>\n\t\t\t\t<\/div>\n\t\t<div class=\"elementor-element elementor-element-3658702 e-con-full e-flex e-con e-child\" data-id=\"3658702\" data-element_type=\"container\" data-settings=\"{&quot;content_width&quot;:&quot;full&quot;,&quot;container_type&quot;:&quot;flex&quot;}\">\n\t\t<div class=\"elementor-element elementor-element-dc53bb0 e-con-full e-flex e-con e-child\" data-id=\"dc53bb0\" data-element_type=\"container\" data-settings=\"{&quot;content_width&quot;:&quot;full&quot;,&quot;container_type&quot;:&quot;flex&quot;}\">\n\t\t\t\t<div class=\"elementor-element elementor-element-769bb8c elementor-widget elementor-widget-heading\" data-id=\"769bb8c\" data-element_type=\"widget\" data-widget_type=\"heading.default\">\n\t\t\t\t<div class=\"elementor-widget-container\">\n\t\t\t<style>\/*! elementor - v3.19.0 - 28-02-2024 *\/\n.elementor-heading-title{padding:0;margin:0;line-height:1}.elementor-widget-heading .elementor-heading-title[class*=elementor-size-]>a{color:inherit;font-size:inherit;line-height:inherit}.elementor-widget-heading .elementor-heading-title.elementor-size-small{font-size:15px}.elementor-widget-heading .elementor-heading-title.elementor-size-medium{font-size:19px}.elementor-widget-heading .elementor-heading-title.elementor-size-large{font-size:29px}.elementor-widget-heading .elementor-heading-title.elementor-size-xl{font-size:39px}.elementor-widget-heading .elementor-heading-title.elementor-size-xxl{font-size:59px}<\/style><h2 class=\"elementor-heading-title elementor-size-default\">CASCO DE SOLDADURA<\/h2>\t\t<\/div>\n\t\t\t\t<\/div>\n\t\t\t\t<div class=\"elementor-element elementor-element-97a0907 elementor-widget__width-initial elementor-widget elementor-widget-text-editor\" data-id=\"97a0907\" data-element_type=\"widget\" data-widget_type=\"text-editor.default\">\n\t\t\t\t<div class=\"elementor-widget-container\">\n\t\t\t<style>\/*! elementor - v3.19.0 - 28-02-2024 *\/\n.elementor-widget-text-editor.elementor-drop-cap-view-stacked .elementor-drop-cap{background-color:#69727d;color:#fff}.elementor-widget-text-editor.elementor-drop-cap-view-framed .elementor-drop-cap{color:#69727d;border:3px solid;background-color:transparent}.elementor-widget-text-editor:not(.elementor-drop-cap-view-default) .elementor-drop-cap{margin-top:8px}.elementor-widget-text-editor:not(.elementor-drop-cap-view-default) .elementor-drop-cap-letter{width:1em;height:1em}.elementor-widget-text-editor .elementor-drop-cap{float:left;text-align:center;line-height:1;font-size:50px}.elementor-widget-text-editor .elementor-drop-cap-letter{display:inline-block}<\/style>\t\t\t\t<p><strong>Rendimiento superior y caracter\u00edsticas integrales:<\/strong><\/p><p>El casco de soldadura CNAWELD es un equipo de protecci\u00f3n rico en funciones y de alto rendimiento esencial para los profesionales de la soldadura.<\/p><ul><li><p><strong>\u00d3ptica excepcional:<\/strong> El casco de soldadura CNAWELD incorpora tecnolog\u00eda \u00f3ptica de vanguardia, lo que garantiza una visi\u00f3n n\u00edtida mientras se suelda, reduce la fatiga visual y mejora la calidad de la soldadura.<\/p><\/li><li><p><strong>Caracteristicas de seguridad:<\/strong> El casco para soldar est\u00e1 equipado con una variedad de caracter\u00edsticas de seguridad, incluidas capacidades de oscurecimiento autom\u00e1tico, para proteger a los soldadores de la da\u00f1ina radiaci\u00f3n UV e IR, chispas y residuos.<\/p><\/li><li><p><strong>Sensores avanzados:<\/strong> M\u00faltiples sensores mejoran la capacidad de respuesta, asegurando una transici\u00f3n r\u00e1pida y fluida de estados claros a oscuros y viceversa, garantizando procesos de soldadura ininterrumpidos.<\/p><\/li><\/ul>\t\t\t\t\t\t<\/div>\n\t\t\t\t<\/div>\n\t\t\t\t<\/div>\n\t\t\t\t<\/div>\n\t\t\t\t<\/div>\n\t\t<div class=\"elementor-element elementor-element-bdb0782 e-con-full e-flex e-con e-parent\" data-id=\"bdb0782\" data-element_type=\"container\" data-settings=\"{&quot;content_width&quot;:&quot;full&quot;,&quot;background_background&quot;:&quot;classic&quot;,&quot;container_type&quot;:&quot;flex&quot;}\" data-core-v316-plus=\"true\">\n\t\t<div class=\"elementor-element elementor-element-0335909 e-con-full e-flex e-con e-child\" data-id=\"0335909\" data-element_type=\"container\" data-settings=\"{&quot;content_width&quot;:&quot;full&quot;,&quot;container_type&quot;:&quot;flex&quot;}\">\n\t\t<div class=\"elementor-element elementor-element-5a8c995 e-con-full e-flex e-con e-child\" data-id=\"5a8c995\" data-element_type=\"container\" data-settings=\"{&quot;content_width&quot;:&quot;full&quot;,&quot;container_type&quot;:&quot;flex&quot;}\">\n\t\t\t\t<div class=\"elementor-element elementor-element-00023e5 elementor-widget elementor-widget-heading\" data-id=\"00023e5\" data-element_type=\"widget\" data-widget_type=\"heading.default\">\n\t\t\t\t<div class=\"elementor-widget-container\">\n\t\t\t<h2 class=\"elementor-heading-title elementor-size-default\">Cumplimiento de est\u00e1ndares globales<\/h2>\t\t<\/div>\n\t\t\t\t<\/div>\n\t\t\t\t<div class=\"elementor-element elementor-element-cd712b2 elementor-widget__width-initial elementor-widget elementor-widget-text-editor\" data-id=\"cd712b2\" data-element_type=\"widget\" data-widget_type=\"text-editor.default\">\n\t\t\t\t<div class=\"elementor-widget-container\">\n\t\t\t\t\t\t\t<ul><li><strong>Calidad certificada:<\/strong> El casco para soldar cumple con estrictos requisitos de seguridad y rendimiento, lo que garantiza a los soldadores una protecci\u00f3n que cumple con los est\u00e1ndares de clase mundial.<\/li><li><strong>Apariencia personalizable:<\/strong>El dise\u00f1o exterior del casco de soldadura se puede personalizar seg\u00fan sus preferencias, lo que lo convierte en un equipo \u00fanico y personalizado.<\/li><li><strong>Estilo personalizado:<\/strong> Elija entre varias opciones de personalizaci\u00f3n, incluidos gr\u00e1ficos, colores y logotipos, lo que permite a los soldadores expresar su individualidad mientras se mantienen seguros.<\/li><\/ul>\t\t\t\t\t\t<\/div>\n\t\t\t\t<\/div>\n\t\t\t\t<\/div>\n\t\t\t\t<\/div>\n\t\t<div class=\"elementor-element elementor-element-f4afaa9 e-con-full e-flex e-con e-child\" data-id=\"f4afaa9\" data-element_type=\"container\" data-settings=\"{&quot;content_width&quot;:&quot;full&quot;,&quot;container_type&quot;:&quot;flex&quot;}\">\n\t\t\t\t<div class=\"elementor-element elementor-element-82c8a46 elementor-widget elementor-widget-image\" data-id=\"82c8a46\" data-element_type=\"widget\" data-widget_type=\"image.default\">\n\t\t\t\t<div class=\"elementor-widget-container\">\n\t\t\t\t\t\t\t\t\t\t\t\t\t<img decoding=\"async\" width=\"851\" height=\"1024\" src=\"https:\/\/cnaweld.com\/wp-content\/uploads\/2024\/06\/90005ec536df051815281dcd095de75-851x1024.webp\" class=\"attachment-large size-large wp-image-7928\" alt=\"casco de soldadura cnaweld\" srcset=\"https:\/\/cnaweld.com\/wp-content\/uploads\/2024\/06\/90005ec536df051815281dcd095de75-851x1024.webp 851w, https:\/\/cnaweld.com\/wp-content\/uploads\/2024\/06\/90005ec536df051815281dcd095de75-249x300.webp 249w, https:\/\/cnaweld.com\/wp-content\/uploads\/2024\/06\/90005ec536df051815281dcd095de75-768x924.webp 768w, https:\/\/cnaweld.com\/wp-content\/uploads\/2024\/06\/90005ec536df051815281dcd095de75-1277x1536.webp 1277w, https:\/\/cnaweld.com\/wp-content\/uploads\/2024\/06\/90005ec536df051815281dcd095de75-1703x2048.webp 1703w, https:\/\/cnaweld.com\/wp-content\/uploads\/2024\/06\/90005ec536df051815281dcd095de75-10x12.webp 10w\" sizes=\"(max-width: 851px) 100vw, 851px\" \/>\t\t\t\t\t\t\t\t\t\t\t\t\t<\/div>\n\t\t\t\t<\/div>\n\t\t\t\t<\/div>\n\t\t\t\t<\/div>\n\t\t<div class=\"elementor-element elementor-element-f89aa01 e-con-full e-flex e-con e-parent\" data-id=\"f89aa01\" data-element_type=\"container\" data-settings=\"{&quot;content_width&quot;:&quot;full&quot;,&quot;background_background&quot;:&quot;classic&quot;,&quot;container_type&quot;:&quot;flex&quot;}\" data-e-bg-lazyload=\"\" data-core-v316-plus=\"true\">\n\t\t<div class=\"elementor-element elementor-element-b8875b5 e-con-full e-flex e-con e-child\" data-id=\"b8875b5\" data-element_type=\"container\" data-settings=\"{&quot;content_width&quot;:&quot;full&quot;,&quot;container_type&quot;:&quot;flex&quot;}\">\n\t\t\t\t<div class=\"elementor-element elementor-element-c3db350 elementor-widget elementor-widget-image\" data-id=\"c3db350\" data-element_type=\"widget\" data-widget_type=\"image.default\">\n\t\t\t\t<div class=\"elementor-widget-container\">\n\t\t\t\t\t\t\t\t\t\t\t\t\t<img decoding=\"async\" width=\"859\" height=\"1024\" src=\"https:\/\/cnaweld.com\/wp-content\/uploads\/2024\/06\/c35739c910176123c1e3c2452b8fe72_\u526f\u672c-859x1024.webp\" class=\"attachment-large size-large wp-image-7927\" alt=\"casco de soldadura\" srcset=\"https:\/\/cnaweld.com\/wp-content\/uploads\/2024\/06\/c35739c910176123c1e3c2452b8fe72_\u526f\u672c-859x1024.webp 859w, https:\/\/cnaweld.com\/wp-content\/uploads\/2024\/06\/c35739c910176123c1e3c2452b8fe72_\u526f\u672c-252x300.webp 252w, https:\/\/cnaweld.com\/wp-content\/uploads\/2024\/06\/c35739c910176123c1e3c2452b8fe72_\u526f\u672c-768x916.webp 768w, https:\/\/cnaweld.com\/wp-content\/uploads\/2024\/06\/c35739c910176123c1e3c2452b8fe72_\u526f\u672c-1288x1536.webp 1288w, https:\/\/cnaweld.com\/wp-content\/uploads\/2024\/06\/c35739c910176123c1e3c2452b8fe72_\u526f\u672c-1717x2048.webp 1717w, https:\/\/cnaweld.com\/wp-content\/uploads\/2024\/06\/c35739c910176123c1e3c2452b8fe72_\u526f\u672c-10x12.webp 10w, https:\/\/cnaweld.com\/wp-content\/uploads\/2024\/06\/c35739c910176123c1e3c2452b8fe72_\u526f\u672c.webp 1812w\" sizes=\"(max-width: 859px) 100vw, 859px\" \/>\t\t\t\t\t\t\t\t\t\t\t\t\t<\/div>\n\t\t\t\t<\/div>\n\t\t\t\t<\/div>\n\t\t<div class=\"elementor-element elementor-element-87955df e-con-full e-flex e-con e-child\" data-id=\"87955df\" data-element_type=\"container\" data-settings=\"{&quot;content_width&quot;:&quot;full&quot;,&quot;container_type&quot;:&quot;flex&quot;}\">\n\t\t<div class=\"elementor-element elementor-element-d0953f2 e-con-full e-flex e-con e-child\" data-id=\"d0953f2\" data-element_type=\"container\" data-settings=\"{&quot;content_width&quot;:&quot;full&quot;,&quot;container_type&quot;:&quot;flex&quot;}\">\n\t\t\t\t<div class=\"elementor-element elementor-element-659c4c6 elementor-widget elementor-widget-heading\" data-id=\"659c4c6\" data-element_type=\"widget\" data-widget_type=\"heading.default\">\n\t\t\t\t<div class=\"elementor-widget-container\">\n\t\t\t<h2 class=\"elementor-heading-title elementor-size-default\">Dise\u00f1o llamativo y est\u00e9tico.<\/h2>\t\t<\/div>\n\t\t\t\t<\/div>\n\t\t\t\t<div class=\"elementor-element elementor-element-dc7d64d elementor-widget__width-initial elementor-widget elementor-widget-text-editor\" data-id=\"dc7d64d\" data-element_type=\"widget\" data-widget_type=\"text-editor.default\">\n\t\t\t\t<div class=\"elementor-widget-container\">\n\t\t\t\t\t\t\t<p>El casco para soldar CNAWELD combina funcionalidad con un dise\u00f1o visualmente atractivo, lo que lo convierte en un accesorio destacado en cualquier entorno de soldadura.<\/p><p><strong>Configuraciones adaptables:<\/strong> Las configuraciones ajustables se adaptan a diferentes m\u00e9todos de soldadura, como MIG, TIG, electrodo revestido y corte por plasma, lo que garantiza una protecci\u00f3n y un rendimiento \u00f3ptimos para cada tarea.<\/p><p><strong>Atractivo est\u00e9tico:<\/strong> Su fuerte est\u00e9tica de dise\u00f1o refleja modernidad y profesionalismo, aumentando la confianza y la moral de los soldadores.<\/p>\t\t\t\t\t\t<\/div>\n\t\t\t\t<\/div>\n\t\t\t\t<\/div>\n\t\t\t\t<\/div>\n\t\t\t\t<\/div>\n\t\t<div class=\"elementor-element elementor-element-1bde0df e-con-full e-flex e-con e-parent\" data-id=\"1bde0df\" data-element_type=\"container\" data-settings=\"{&quot;content_width&quot;:&quot;full&quot;,&quot;background_background&quot;:&quot;classic&quot;,&quot;container_type&quot;:&quot;flex&quot;}\" data-core-v316-plus=\"true\">\n\t\t<div class=\"elementor-element elementor-element-be768cf e-con-full e-flex e-con e-child\" data-id=\"be768cf\" data-element_type=\"container\" data-settings=\"{&quot;content_width&quot;:&quot;full&quot;,&quot;container_type&quot;:&quot;flex&quot;}\">\n\t\t<div class=\"elementor-element elementor-element-ba46fd1 e-flex e-con-boxed e-con e-child\" data-id=\"ba46fd1\" data-element_type=\"container\" data-settings=\"{&quot;container_type&quot;:&quot;flex&quot;,&quot;content_width&quot;:&quot;boxed&quot;}\">\n\t\t\t\t\t<div class=\"e-con-inner\">\n\t\t\t\t<div class=\"elementor-element elementor-element-c257f18 elementor-widget elementor-widget-image\" data-id=\"c257f18\" data-element_type=\"widget\" data-widget_type=\"image.default\">\n\t\t\t\t<div class=\"elementor-widget-container\">\n\t\t\t\t\t\t\t\t\t\t\t\t\t<img loading=\"lazy\" decoding=\"async\" width=\"1024\" height=\"686\" src=\"https:\/\/cnaweld.com\/wp-content\/uploads\/2023\/09\/1.11-1024x686.webp\" class=\"attachment-large size-large wp-image-4273\" alt=\"manual del producto de seguridad cnaweld\" srcset=\"https:\/\/cnaweld.com\/wp-content\/uploads\/2023\/09\/1.11-1024x686.webp 1024w, https:\/\/cnaweld.com\/wp-content\/uploads\/2023\/09\/1.11-300x201.webp 300w, https:\/\/cnaweld.com\/wp-content\/uploads\/2023\/09\/1.11-768x514.webp 768w, https:\/\/cnaweld.com\/wp-content\/uploads\/2023\/09\/1.11-1536x1029.webp 1536w, https:\/\/cnaweld.com\/wp-content\/uploads\/2023\/09\/1.11-18x12.webp 18w, https:\/\/cnaweld.com\/wp-content\/uploads\/2023\/09\/1.11-600x402.webp 600w, https:\/\/cnaweld.com\/wp-content\/uploads\/2023\/09\/1.11.webp 1998w\" sizes=\"(max-width: 1024px) 100vw, 1024px\" \/>\t\t\t\t\t\t\t\t\t\t\t\t\t<\/div>\n\t\t\t\t<\/div>\n\t\t\t\t<div class=\"elementor-element elementor-element-308d657 elementor-widget elementor-widget-heading\" data-id=\"308d657\" data-element_type=\"widget\" data-widget_type=\"heading.default\">\n\t\t\t\t<div class=\"elementor-widget-container\">\n\t\t\t<h2 class=\"elementor-heading-title elementor-size-default\">Cat\u00e1logo de cascos de soldadura\n\n<\/h2>\t\t<\/div>\n\t\t\t\t<\/div>\n\t\t\t\t\t<\/div>\n\t\t\t\t<\/div>\n\t\t\t\t<\/div>\n\t\t<div class=\"elementor-element elementor-element-cb1202d e-con-full e-flex e-con e-child\" data-id=\"cb1202d\" data-element_type=\"container\" data-settings=\"{&quot;content_width&quot;:&quot;full&quot;,&quot;container_type&quot;:&quot;flex&quot;}\">\n\t\t<div class=\"elementor-element elementor-element-05f76c6 e-con-full e-flex e-con e-child\" data-id=\"05f76c6\" data-element_type=\"container\" data-settings=\"{&quot;content_width&quot;:&quot;full&quot;,&quot;container_type&quot;:&quot;flex&quot;}\">\n\t\t\t\t<div class=\"elementor-element elementor-element-ab6ebf7 elementor-widget elementor-widget-heading\" data-id=\"ab6ebf7\" data-element_type=\"widget\" data-widget_type=\"heading.default\">\n\t\t\t\t<div class=\"elementor-widget-container\">\n\t\t\t<h2 class=\"elementor-heading-title elementor-size-default\">Encuentra los accesorios que se adaptan a tus necesidades<\/h2>\t\t<\/div>\n\t\t\t\t<\/div>\n\t\t<div class=\"elementor-element elementor-element-00d3274 e-flex e-con-boxed e-con e-child\" data-id=\"00d3274\" data-element_type=\"container\" data-settings=\"{&quot;container_type&quot;:&quot;flex&quot;,&quot;content_width&quot;:&quot;boxed&quot;}\">\n\t\t\t\t\t<div class=\"e-con-inner\">\n\t\t\t\t<div class=\"elementor-element elementor-element-aebf176 elementor-mobile-align-center elementor-widget elementor-widget-button\" data-id=\"aebf176\" data-element_type=\"widget\" data-widget_type=\"button.default\">\n\t\t\t\t<div class=\"elementor-widget-container\">\n\t\t\t\t\t<div class=\"elementor-button-wrapper\">\n\t\t\t<a class=\"elementor-button elementor-button-link elementor-size-sm elementor-animation-shrink\" href=\"https:\/\/cnaweld.com\/wp-content\/uploads\/2023\/09\/Safety.pdf\">\n\t\t\t\t\t\t<span class=\"elementor-button-content-wrapper\">\n\t\t\t\t\t\t<span class=\"elementor-button-text\">Descargar PDF<\/span>\n\t\t<\/span>\n\t\t\t\t\t<\/a>\n\t\t<\/div>\n\t\t\t\t<\/div>\n\t\t\t\t<\/div>\n\t\t\t\t<div class=\"elementor-element elementor-element-6861e19 elementor-mobile-align-center elementor-widget elementor-widget-button\" data-id=\"6861e19\" data-element_type=\"widget\" data-widget_type=\"button.default\">\n\t\t\t\t<div class=\"elementor-widget-container\">\n\t\t\t\t\t<div class=\"elementor-button-wrapper\">\n\t\t\t<a class=\"elementor-button elementor-button-link elementor-size-sm elementor-animation-shrink\" href=\"#elementor-action:action=popup:open&settings=eyJpZCI6IjQ3MjQiLCJ0b2dnbGUiOmZhbHNlfQ==\">\n\t\t\t\t\t\t<span class=\"elementor-button-content-wrapper\">\n\t\t\t\t\t\t<span class=\"elementor-button-text\">Enviar correo electr\u00f3nico<\/span>\n\t\t<\/span>\n\t\t\t\t\t<\/a>\n\t\t<\/div>\n\t\t\t\t<\/div>\n\t\t\t\t<\/div>\n\t\t\t\t\t<\/div>\n\t\t\t\t<\/div>\n\t\t\t\t<\/div>\n\t\t\t\t<\/div>\n\t\t\t\t<\/div>\n\t\t\t\t<\/div>","protected":false},"excerpt":{"rendered":"<p>WELDING HELMET Superior Performance and Comprehensive Features: The CNAWELD Welding Helmet is a top-performing and &hellip;<\/p>\n<p class=\"read-more\"> <a class=\"\" href=\"https:\/\/cnaweld.com\/es\/productos\/seguridad-2\/\"> <span class=\"screen-reader-text\">CASCO DE SOLDADURA<\/span> Leer m\u00e1s \u00bb<\/a><\/p>","protected":false},"author":2,"featured_media":0,"parent":879,"menu_order":0,"comment_status":"closed","ping_status":"closed","template":"","meta":{"_uag_custom_page_level_css":"","site-sidebar-layout":"no-sidebar","site-content-layout":"page-builder","ast-global-header-display":"","ast-banner-title-visibility":"","ast-main-header-display":"","ast-hfb-above-header-display":"","ast-hfb-below-header-display":"","ast-hfb-mobile-header-display":"","site-post-title":"disabled","ast-breadcrumbs-content":"","ast-featured-img":"disabled","footer-sml-layout":"","theme-transparent-header-meta":"","adv-header-id-meta":"","stick-header-meta":"","header-above-stick-meta":"","header-main-stick-meta":"","header-below-stick-meta":"","footnotes":""},"class_list":["post-3211","page","type-page","status-publish","hentry"],"uagb_featured_image_src":{"full":false,"thumbnail":false,"medium":false,"medium_large":false,"large":false,"1536x1536":false,"2048x2048":false,"trp-custom-language-flag":false},"uagb_author_info":{"display_name":"china","author_link":"https:\/\/cnaweld.com\/es\/author\/china\/"},"uagb_comment_info":0,"uagb_excerpt":"WELDING HELMET Superior Performance and Comprehensive Features: The CNAWELD Welding Helmet is a top-performing and &hellip; WELDING HELMET Leer m\u00e1s \u00bb","_links":{"self":[{"href":"https:\/\/cnaweld.com\/es\/wp-json\/wp\/v2\/pages\/3211","targetHints":{"allow":["GET"]}}],"collection":[{"href":"https:\/\/cnaweld.com\/es\/wp-json\/wp\/v2\/pages"}],"about":[{"href":"https:\/\/cnaweld.com\/es\/wp-json\/wp\/v2\/types\/page"}],"author":[{"embeddable":true,"href":"https:\/\/cnaweld.com\/es\/wp-json\/wp\/v2\/users\/2"}],"replies":[{"embeddable":true,"href":"https:\/\/cnaweld.com\/es\/wp-json\/wp\/v2\/comments?post=3211"}],"version-history":[{"count":70,"href":"https:\/\/cnaweld.com\/es\/wp-json\/wp\/v2\/pages\/3211\/revisions"}],"predecessor-version":[{"id":14913,"href":"https:\/\/cnaweld.com\/es\/wp-json\/wp\/v2\/pages\/3211\/revisions\/14913"}],"up":[{"embeddable":true,"href":"https:\/\/cnaweld.com\/es\/wp-json\/wp\/v2\/pages\/879"}],"wp:attachment":[{"href":"https:\/\/cnaweld.com\/es\/wp-json\/wp\/v2\/media?parent=3211"}],"curies":[{"name":"wp","href":"https:\/\/api.w.org\/{rel}","templated":true}]}}